{"id":140808,"date":"2024-10-05T20:01:07","date_gmt":"2024-10-05T18:01:07","guid":{"rendered":"https:\/\/www.lookforward.at\/?post_type=product&#038;p=140808"},"modified":"2025-01-03T19:07:35","modified_gmt":"2025-01-03T18:07:35","slug":"pullover-0195-mit-pailetten-am-arm","status":"publish","type":"product","link":"https:\/\/fds.aufwind.co.at\/en\/produkt\/pullover-0195-mit-pailetten-am-arm\/","title":{"rendered":"Pullover 0195 mit Pailetten am Arm"},"content":{"rendered":"","protected":false},"excerpt":{"rendered":"<ul>\n<li><b>Pullover<\/b><\/li>\n<li>Artikelnummer 0195<\/li>\n<li>One Size (passt von 34 &#8211; 44)<\/li>\n<li>erh\u00e4ltlich in khaki, rosa, beige, grau, camel, wei\u00df, schwarz<\/li>\n<li>Oversized und locker geschnitten<\/li>\n<li>weicher, kuscheliger Strick<\/li>\n<li>Pailettendetails am \u00c4rmel<\/li>\n<li>Kratzt nicht und ist sehr angenehm zu tragen<\/li>\n<li>made in Italy<\/li>\n<li>waschbar auf 30 Grad<\/li>\n<li>55% Viskose, 25% Polyester, 20 Polyamid<\/li>\n<\/ul>\n","protected":false},"featured_media":140809,"template":"","meta":{"inline_featured_image":false},"product_brand":[],"product_cat":[443,466,451,59],"product_tag":[],"class_list":{"0":"post-140808","1":"product","2":"type-product","3":"status-publish","4":"has-post-thumbnail","6":"product_cat-fav-von-sarahs-healthylifestyle","7":"product_cat-happy-new-year-sale","8":"product_cat-herbst-winter","9":"product_cat-pullover","11":"first","12":"instock","13":"sale","14":"taxable","15":"shipping-taxable","16":"purchasable","17":"product-type-variable"},"bundled_by":[],"bundle_stock_status":"instock","bundle_stock_quantity":null,"bundle_virtual":false,"bundle_layout":"","bundle_add_to_cart_form_location":"","bundle_editable_in_cart":false,"bundle_sold_individually_context":"","bundle_item_grouping":"","bundle_min_size":"","bundle_max_size":"","bundle_price":[],"bundled_items":[],"bundle_sell_ids":[],"yoast_head":"<!-- This site is optimized with the Yoast SEO plugin v24.6 - https:\/\/yoast.com\/wordpress\/plugins\/seo\/ -->\n<title>Pullover 0195 mit Pailetten am Arm - lookforward Shop<\/title>\n<meta name=\"robots\" content=\"noindex, follow, max-snippet:-1, max-image-preview:large, max-video-preview:-1\" \/>\n<meta property=\"og:locale\" content=\"en_US\" \/>\n<meta property=\"og:locale:alternate\" content=\"de_DE\" \/>\n<meta property=\"og:type\" content=\"article\" \/>\n<meta property=\"og:title\" content=\"Pullover 0195 mit Pailetten am Arm\" \/>\n<meta property=\"og:description\" content=\"Pullover  Artikelnummer 0195  One Size (passt von 34 - 44)  erh\u00e4ltlich in khaki, rosa, beige, grau, camel, wei\u00df, schwarz  Oversized und locker geschnitten  weicher, kuscheliger Strick  Pailettendetails am \u00c4rmel  Kratzt nicht und ist sehr angenehm zu tragen  made in Italy  waschbar auf 30 Grad  55% Viskose, 25% Polyester, 20 Polyamid\" \/>\n<meta property=\"og:url\" content=\"https:\/\/fds.aufwind.co.at\/en\/produkt\/pullover-0195-mit-pailetten-am-arm\/\" \/>\n<meta property=\"og:site_name\" content=\"lookforward Shop\" \/>\n<meta property=\"article:modified_time\" content=\"2025-01-03T18:07:35+00:00\" \/>\n<meta property=\"og:image\" content=\"https:\/\/fds.aufwind.co.at\/wp-content\/uploads\/2024\/10\/image00014-1-scaled.jpeg\" \/>\n\t<meta property=\"og:image:width\" content=\"1920\" \/>\n\t<meta property=\"og:image:height\" content=\"2560\" \/>\n\t<meta property=\"og:image:type\" content=\"image\/jpeg\" \/>\n<meta name=\"twitter:card\" content=\"summary_large_image\" \/>\n<meta name=\"twitter:label1\" content=\"Est. reading time\" \/>\n\t<meta name=\"twitter:data1\" content=\"1 minute\" \/>\n<script type=\"application\/ld+json\" class=\"yoast-schema-graph\">{\"@context\":\"https:\/\/schema.org\",\"@graph\":[{\"@type\":\"WebPage\",\"@id\":\"https:\/\/fds.aufwind.co.at\/produkt\/pullover-0195-mit-pailetten-am-arm\/\",\"url\":\"https:\/\/fds.aufwind.co.at\/produkt\/pullover-0195-mit-pailetten-am-arm\/\",\"name\":\"Pullover 0195 mit Pailetten am Arm\",\"isPartOf\":{\"@id\":\"https:\/\/fds.aufwind.co.at\/#website\"},\"primaryImageOfPage\":{\"@id\":\"https:\/\/fds.aufwind.co.at\/produkt\/pullover-0195-mit-pailetten-am-arm\/#primaryimage\"},\"image\":{\"@id\":\"https:\/\/fds.aufwind.co.at\/produkt\/pullover-0195-mit-pailetten-am-arm\/#primaryimage\"},\"thumbnailUrl\":\"https:\/\/fds.aufwind.co.at\/wp-content\/uploads\/2024\/10\/image00014-1-scaled.jpeg\",\"datePublished\":\"2024-10-05T18:01:07+00:00\",\"dateModified\":\"2025-01-03T18:07:35+00:00\",\"breadcrumb\":{\"@id\":\"https:\/\/fds.aufwind.co.at\/produkt\/pullover-0195-mit-pailetten-am-arm\/#breadcrumb\"},\"inLanguage\":\"en-US\",\"potentialAction\":[{\"@type\":\"ReadAction\",\"target\":[\"https:\/\/fds.aufwind.co.at\/produkt\/pullover-0195-mit-pailetten-am-arm\/\"]}]},{\"@type\":\"ImageObject\",\"inLanguage\":\"en-US\",\"@id\":\"https:\/\/fds.aufwind.co.at\/produkt\/pullover-0195-mit-pailetten-am-arm\/#primaryimage\",\"url\":\"https:\/\/fds.aufwind.co.at\/wp-content\/uploads\/2024\/10\/image00014-1-scaled.jpeg\",\"contentUrl\":\"https:\/\/fds.aufwind.co.at\/wp-content\/uploads\/2024\/10\/image00014-1-scaled.jpeg\",\"width\":1920,\"height\":2560,\"caption\":\"Processed with VSCO with a6 preset\"},{\"@type\":\"BreadcrumbList\",\"@id\":\"https:\/\/fds.aufwind.co.at\/produkt\/pullover-0195-mit-pailetten-am-arm\/#breadcrumb\",\"itemListElement\":[{\"@type\":\"ListItem\",\"position\":1,\"name\":\"Startseite\",\"item\":\"https:\/\/fds.aufwind.co.at\/\"},{\"@type\":\"ListItem\",\"position\":2,\"name\":\"Shop\",\"item\":\"https:\/\/fds.aufwind.co.at\/shop\/\"},{\"@type\":\"ListItem\",\"position\":3,\"name\":\"Pullover 0195 mit Pailetten am Arm\"}]},{\"@type\":\"WebSite\",\"@id\":\"https:\/\/fds.aufwind.co.at\/#website\",\"url\":\"https:\/\/fds.aufwind.co.at\/\",\"name\":\"lookforward Shop\",\"description\":\"Der neue Shop f\u00fcr Fashion, Lifestyle, Family, Food and Beauty.\",\"publisher\":{\"@id\":\"https:\/\/fds.aufwind.co.at\/#organization\"},\"potentialAction\":[{\"@type\":\"SearchAction\",\"target\":{\"@type\":\"EntryPoint\",\"urlTemplate\":\"https:\/\/fds.aufwind.co.at\/?s={search_term_string}\"},\"query-input\":{\"@type\":\"PropertyValueSpecification\",\"valueRequired\":true,\"valueName\":\"search_term_string\"}}],\"inLanguage\":\"en-US\"},{\"@type\":\"Organization\",\"@id\":\"https:\/\/fds.aufwind.co.at\/#organization\",\"name\":\"KB lookforward\",\"url\":\"https:\/\/fds.aufwind.co.at\/\",\"logo\":{\"@type\":\"ImageObject\",\"inLanguage\":\"en-US\",\"@id\":\"https:\/\/fds.aufwind.co.at\/#\/schema\/logo\/image\/\",\"url\":\"https:\/\/fds.aufwind.co.at\/wp-content\/uploads\/2023\/10\/Icon-KB.svg\",\"contentUrl\":\"https:\/\/fds.aufwind.co.at\/wp-content\/uploads\/2023\/10\/Icon-KB.svg\",\"caption\":\"KB lookforward\"},\"image\":{\"@id\":\"https:\/\/fds.aufwind.co.at\/#\/schema\/logo\/image\/\"}}]}<\/script>\n<!-- \/ Yoast SEO plugin. -->","yoast_head_json":{"title":"Pullover 0195 mit Pailetten am Arm - lookforward Shop","robots":{"index":"noindex","follow":"follow","max-snippet":"max-snippet:-1","max-image-preview":"max-image-preview:large","max-video-preview":"max-video-preview:-1"},"og_locale":"en_US","og_type":"article","og_title":"[:de]Pullover 0195 mit Pailetten am Arm[:] - lookforward Shop","og_description":"Pullover  Artikelnummer 0195  One Size (passt von 34 - 44)  erh\u00e4ltlich in khaki, rosa, beige, grau, camel, wei\u00df, schwarz  Oversized und locker geschnitten  weicher, kuscheliger Strick  Pailettendetails am \u00c4rmel  Kratzt nicht und ist sehr angenehm zu tragen  made in Italy  waschbar auf 30 Grad  55% Viskose, 25% Polyester, 20 Polyamid","og_url":"https:\/\/fds.aufwind.co.at\/en\/produkt\/pullover-0195-mit-pailetten-am-arm\/","og_site_name":"lookforward Shop","article_modified_time":"2025-01-03T18:07:35+00:00","og_image":[{"width":1920,"height":2560,"url":"https:\/\/fds.aufwind.co.at\/wp-content\/uploads\/2024\/10\/image00014-1-scaled.jpeg","type":"image\/jpeg"}],"twitter_card":"summary_large_image","twitter_misc":{"Est. reading time":"1 minute"},"schema":{"@context":"https:\/\/schema.org","@graph":[{"@type":"WebPage","@id":"https:\/\/fds.aufwind.co.at\/produkt\/pullover-0195-mit-pailetten-am-arm\/","url":"https:\/\/fds.aufwind.co.at\/produkt\/pullover-0195-mit-pailetten-am-arm\/","name":"Pullover 0195 mit Pailetten am Arm","isPartOf":{"@id":"https:\/\/fds.aufwind.co.at\/#website"},"primaryImageOfPage":{"@id":"https:\/\/fds.aufwind.co.at\/produkt\/pullover-0195-mit-pailetten-am-arm\/#primaryimage"},"image":{"@id":"https:\/\/fds.aufwind.co.at\/produkt\/pullover-0195-mit-pailetten-am-arm\/#primaryimage"},"thumbnailUrl":"https:\/\/fds.aufwind.co.at\/wp-content\/uploads\/2024\/10\/image00014-1-scaled.jpeg","datePublished":"2024-10-05T18:01:07+00:00","dateModified":"2025-01-03T18:07:35+00:00","breadcrumb":{"@id":"https:\/\/fds.aufwind.co.at\/produkt\/pullover-0195-mit-pailetten-am-arm\/#breadcrumb"},"inLanguage":"en-US","potentialAction":[{"@type":"ReadAction","target":["https:\/\/fds.aufwind.co.at\/produkt\/pullover-0195-mit-pailetten-am-arm\/"]}]},{"@type":"ImageObject","inLanguage":"en-US","@id":"https:\/\/fds.aufwind.co.at\/produkt\/pullover-0195-mit-pailetten-am-arm\/#primaryimage","url":"https:\/\/fds.aufwind.co.at\/wp-content\/uploads\/2024\/10\/image00014-1-scaled.jpeg","contentUrl":"https:\/\/fds.aufwind.co.at\/wp-content\/uploads\/2024\/10\/image00014-1-scaled.jpeg","width":1920,"height":2560,"caption":"Processed with VSCO with a6 preset"},{"@type":"BreadcrumbList","@id":"https:\/\/fds.aufwind.co.at\/produkt\/pullover-0195-mit-pailetten-am-arm\/#breadcrumb","itemListElement":[{"@type":"ListItem","position":1,"name":"Startseite","item":"https:\/\/fds.aufwind.co.at\/"},{"@type":"ListItem","position":2,"name":"Shop","item":"https:\/\/fds.aufwind.co.at\/shop\/"},{"@type":"ListItem","position":3,"name":"Pullover 0195 mit Pailetten am Arm"}]},{"@type":"WebSite","@id":"https:\/\/fds.aufwind.co.at\/#website","url":"https:\/\/fds.aufwind.co.at\/","name":"lookforward Shop","description":"Der neue Shop f\u00fcr Fashion, Lifestyle, Family, Food and Beauty.","publisher":{"@id":"https:\/\/fds.aufwind.co.at\/#organization"},"potentialAction":[{"@type":"SearchAction","target":{"@type":"EntryPoint","urlTemplate":"https:\/\/fds.aufwind.co.at\/?s={search_term_string}"},"query-input":{"@type":"PropertyValueSpecification","valueRequired":true,"valueName":"search_term_string"}}],"inLanguage":"en-US"},{"@type":"Organization","@id":"https:\/\/fds.aufwind.co.at\/#organization","name":"KB lookforward","url":"https:\/\/fds.aufwind.co.at\/","logo":{"@type":"ImageObject","inLanguage":"en-US","@id":"https:\/\/fds.aufwind.co.at\/#\/schema\/logo\/image\/","url":"https:\/\/fds.aufwind.co.at\/wp-content\/uploads\/2023\/10\/Icon-KB.svg","contentUrl":"https:\/\/fds.aufwind.co.at\/wp-content\/uploads\/2023\/10\/Icon-KB.svg","caption":"KB lookforward"},"image":{"@id":"https:\/\/fds.aufwind.co.at\/#\/schema\/logo\/image\/"}}]}},"_links":{"self":[{"href":"https:\/\/fds.aufwind.co.at\/en\/wp-json\/wp\/v2\/product\/140808","targetHints":{"allow":["GET"]}}],"collection":[{"href":"https:\/\/fds.aufwind.co.at\/en\/wp-json\/wp\/v2\/product"}],"about":[{"href":"https:\/\/fds.aufwind.co.at\/en\/wp-json\/wp\/v2\/types\/product"}],"wp:featuredmedia":[{"embeddable":true,"href":"https:\/\/fds.aufwind.co.at\/en\/wp-json\/wp\/v2\/media\/140809"}],"wp:attachment":[{"href":"https:\/\/fds.aufwind.co.at\/en\/wp-json\/wp\/v2\/media?parent=140808"}],"wp:term":[{"taxonomy":"product_brand","embeddable":true,"href":"https:\/\/fds.aufwind.co.at\/en\/wp-json\/wp\/v2\/product_brand?post=140808"},{"taxonomy":"product_cat","embeddable":true,"href":"https:\/\/fds.aufwind.co.at\/en\/wp-json\/wp\/v2\/product_cat?post=140808"},{"taxonomy":"product_tag","embeddable":true,"href":"https:\/\/fds.aufwind.co.at\/en\/wp-json\/wp\/v2\/product_tag?post=140808"}],"curies":[{"name":"wp","href":"https:\/\/api.w.org\/{rel}","templated":true}]}}