{"id":140310,"date":"2024-09-17T17:51:58","date_gmt":"2024-09-17T15:51:58","guid":{"rendered":"https:\/\/www.lookforward.at\/?post_type=product&#038;p=140310"},"modified":"2025-02-20T10:01:35","modified_gmt":"2025-02-20T09:01:35","slug":"indviduelle-bra-boxen-individuelle-box-kennenlernbox-new-in-box-abo-box","status":"publish","type":"product","link":"https:\/\/fds.aufwind.co.at\/en\/produkt\/indviduelle-bra-boxen-individuelle-box-kennenlernbox-new-in-box-abo-box\/","title":{"rendered":"indviduelle BRA Boxen : individuelle Box, Kennenlernbox, New In Box, Abo Box"},"content":{"rendered":"","protected":false},"excerpt":{"rendered":"<ul>\n<li><strong>individuelle Box :\u00a0<\/strong>Du bekommst deine 3 Lieblings BRAs aus unserem kompletten BRA Sortiment zum genialen Box Preis von 100\u20ac. Lege die individuelle Box in den Warenkorb und schreibe uns eine Mail an kundenservice@lookforward.at mit den Artikelnummern deiner 3 Wunsch Bras und deiner Bestellnummer.<\/li>\n<\/ul>\n<p>&nbsp;<\/p>\n<ul>\n<li><strong>Kennenlernbox: <\/strong>Lass dich \u00fcberraschen. F\u00fcr alle, die unsere BRAS noch nicht kennen. Wir packen eine Box mit 3 Must Have Bras f\u00fcr dich, die jede Frau im Kleiderschrank haben sollte. Du bekommst die Box zum mega Kennenlernpreis von 100\u20ac.<\/li>\n<\/ul>\n<p>&nbsp;<\/p>\n<ul>\n<li><strong>New In Box:\u00a0<\/strong>Lass dich \u00fcberraschen. Diese Box ist f\u00fcr alle geeinget, die unsere Bras lieben. Wir packen dir eine Box mit 3 Bras der neuen Kollektion. Du bekommst die Box zum genialen Kennenlernpreis von 100\u20ac.<\/li>\n<\/ul>\n<p>&nbsp;<\/p>\n<ul>\n<li><strong>Abo Box:\u00a0<\/strong>Lass dich einmal im Monat \u00fcberraschen. Geeignet f\u00fcr alle, die immer up to date sein wollen. Du bekommst 3 Monate lang immer am 10. des Monats 3 Bra Modelle aus der neuesten Kollektion noch vor dem offiziellen Launch. In jede Monatsbox packen wir ausserdem noch spezielle Goodies, \u00fcber die du dich bestimmt freust. Genialler Preis pro Box: 100\u20ac<\/li>\n<\/ul>\n<p>&nbsp;<\/p>\n<p>Wenn dir eine Box nicht gef\u00e4llt, kannst du sie nat\u00fcrlich zu den normalen Retourenbedingungen zur\u00fccksenden.<\/p>\n<p>&nbsp;<\/p>\n<p>&nbsp;<\/p>\n<p>&nbsp;<\/p>\n","protected":false},"featured_media":137980,"template":"","meta":{"inline_featured_image":false},"product_brand":[],"product_cat":[455,447,15],"product_tag":[],"class_list":{"0":"post-140310","1":"product","2":"type-product","3":"status-publish","4":"has-post-thumbnail","6":"product_cat-bra-boxen","7":"product_cat-ueberraschungsbox","8":"product_cat-unkategorisiert","10":"first","11":"onbackorder","12":"taxable","13":"shipping-taxable","14":"purchasable","15":"product-type-variable"},"bundled_by":[],"bundle_stock_status":"onbackorder","bundle_stock_quantity":null,"bundle_virtual":false,"bundle_layout":"","bundle_add_to_cart_form_location":"","bundle_editable_in_cart":false,"bundle_sold_individually_context":"","bundle_item_grouping":"","bundle_min_size":"","bundle_max_size":"","bundle_price":[],"bundled_items":[],"bundle_sell_ids":[],"yoast_head":"<!-- This site is optimized with the Yoast SEO plugin v24.6 - https:\/\/yoast.com\/wordpress\/plugins\/seo\/ -->\n<title>indviduelle BRA Boxen : individuelle Box, Kennenlernbox, New In Box, Abo Box - lookforward Shop<\/title>\n<meta name=\"robots\" content=\"noindex, follow, max-snippet:-1, max-image-preview:large, max-video-preview:-1\" \/>\n<meta property=\"og:locale\" content=\"en_US\" \/>\n<meta property=\"og:locale:alternate\" content=\"de_DE\" \/>\n<meta property=\"og:type\" content=\"article\" \/>\n<meta property=\"og:title\" content=\"indviduelle BRA Boxen : individuelle Box, Kennenlernbox, New In Box, Abo Box\" \/>\n<meta property=\"og:description\" content=\"individuelle Box :\u00a0Du bekommst deine 3 Lieblings BRAs aus unserem kompletten BRA Sortiment zum genialen Box Preis von 100\u20ac. Lege die individuelle Box in den Warenkorb und schreibe uns eine Mail an kundenservice@lookforward.at mit den Artikelnummern deiner 3 Wunsch Bras und deiner Bestellnummer.  &nbsp;   Kennenlernbox: Lass dich \u00fcberraschen. F\u00fcr alle, die unsere BRAS noch nicht kennen. Wir packen eine Box mit 3 Must Have Bras f\u00fcr dich, die jede Frau im Kleiderschrank haben sollte. Du bekommst die Box zum mega Kennenlernpreis von 100\u20ac.  &nbsp;   New In Box:\u00a0Lass dich \u00fcberraschen. Diese Box ist f\u00fcr alle geeinget, die unsere Bras lieben. Wir packen dir eine Box mit 3 Bras der neuen Kollektion. Du bekommst die Box zum genialen Kennenlernpreis von 100\u20ac.  &nbsp;   Abo Box:\u00a0Lass dich einmal im Monat \u00fcberraschen. Geeignet f\u00fcr alle, die immer up to date sein wollen. Du bekommst 3 Monate lang immer am 10. des Monats 3 Bra Modelle aus der neuesten Kollektion noch vor dem offiziellen Launch. In jede Monatsbox packen wir ausserdem noch spezielle Goodies, \u00fcber die du dich bestimmt freust. Genialler Preis pro Box: 100\u20ac  &nbsp;  Wenn dir eine Box nicht gef\u00e4llt, kannst du sie nat\u00fcrlich zu den normalen Retourenbedingungen zur\u00fccksenden.  &nbsp;  &nbsp;  &nbsp;\" \/>\n<meta property=\"og:url\" content=\"https:\/\/fds.aufwind.co.at\/en\/produkt\/indviduelle-bra-boxen-individuelle-box-kennenlernbox-new-in-box-abo-box\/\" \/>\n<meta property=\"og:site_name\" content=\"lookforward Shop\" \/>\n<meta property=\"article:modified_time\" content=\"2025-02-20T09:01:35+00:00\" \/>\n<meta property=\"og:image\" content=\"https:\/\/fds.aufwind.co.at\/wp-content\/uploads\/2024\/06\/IMG_4946-scaled.jpg\" \/>\n\t<meta property=\"og:image:width\" content=\"2560\" \/>\n\t<meta property=\"og:image:height\" content=\"1707\" \/>\n\t<meta property=\"og:image:type\" content=\"image\/jpeg\" \/>\n<meta name=\"twitter:card\" content=\"summary_large_image\" \/>\n<meta name=\"twitter:label1\" content=\"Est. reading time\" \/>\n\t<meta name=\"twitter:data1\" content=\"1 minute\" \/>\n<script type=\"application\/ld+json\" class=\"yoast-schema-graph\">{\"@context\":\"https:\/\/schema.org\",\"@graph\":[{\"@type\":\"WebPage\",\"@id\":\"https:\/\/fds.aufwind.co.at\/produkt\/indviduelle-bra-boxen-individuelle-box-kennenlernbox-new-in-box-abo-box\/\",\"url\":\"https:\/\/fds.aufwind.co.at\/produkt\/indviduelle-bra-boxen-individuelle-box-kennenlernbox-new-in-box-abo-box\/\",\"name\":\"indviduelle BRA Boxen : individuelle Box, Kennenlernbox, New In Box, Abo Box\",\"isPartOf\":{\"@id\":\"https:\/\/fds.aufwind.co.at\/#website\"},\"primaryImageOfPage\":{\"@id\":\"https:\/\/fds.aufwind.co.at\/produkt\/indviduelle-bra-boxen-individuelle-box-kennenlernbox-new-in-box-abo-box\/#primaryimage\"},\"image\":{\"@id\":\"https:\/\/fds.aufwind.co.at\/produkt\/indviduelle-bra-boxen-individuelle-box-kennenlernbox-new-in-box-abo-box\/#primaryimage\"},\"thumbnailUrl\":\"https:\/\/fds.aufwind.co.at\/wp-content\/uploads\/2024\/06\/IMG_4946-scaled.jpg\",\"datePublished\":\"2024-09-17T15:51:58+00:00\",\"dateModified\":\"2025-02-20T09:01:35+00:00\",\"breadcrumb\":{\"@id\":\"https:\/\/fds.aufwind.co.at\/produkt\/indviduelle-bra-boxen-individuelle-box-kennenlernbox-new-in-box-abo-box\/#breadcrumb\"},\"inLanguage\":\"en-US\",\"potentialAction\":[{\"@type\":\"ReadAction\",\"target\":[\"https:\/\/fds.aufwind.co.at\/produkt\/indviduelle-bra-boxen-individuelle-box-kennenlernbox-new-in-box-abo-box\/\"]}]},{\"@type\":\"ImageObject\",\"inLanguage\":\"en-US\",\"@id\":\"https:\/\/fds.aufwind.co.at\/produkt\/indviduelle-bra-boxen-individuelle-box-kennenlernbox-new-in-box-abo-box\/#primaryimage\",\"url\":\"https:\/\/fds.aufwind.co.at\/wp-content\/uploads\/2024\/06\/IMG_4946-scaled.jpg\",\"contentUrl\":\"https:\/\/fds.aufwind.co.at\/wp-content\/uploads\/2024\/06\/IMG_4946-scaled.jpg\",\"width\":2560,\"height\":1707},{\"@type\":\"BreadcrumbList\",\"@id\":\"https:\/\/fds.aufwind.co.at\/produkt\/indviduelle-bra-boxen-individuelle-box-kennenlernbox-new-in-box-abo-box\/#breadcrumb\",\"itemListElement\":[{\"@type\":\"ListItem\",\"position\":1,\"name\":\"Startseite\",\"item\":\"https:\/\/fds.aufwind.co.at\/\"},{\"@type\":\"ListItem\",\"position\":2,\"name\":\"Shop\",\"item\":\"https:\/\/fds.aufwind.co.at\/shop\/\"},{\"@type\":\"ListItem\",\"position\":3,\"name\":\"indviduelle BRA Boxen : individuelle Box, Kennenlernbox, New In Box, Abo Box\"}]},{\"@type\":\"WebSite\",\"@id\":\"https:\/\/fds.aufwind.co.at\/#website\",\"url\":\"https:\/\/fds.aufwind.co.at\/\",\"name\":\"lookforward Shop\",\"description\":\"Der neue Shop f\u00fcr Fashion, Lifestyle, Family, Food and Beauty.\",\"publisher\":{\"@id\":\"https:\/\/fds.aufwind.co.at\/#organization\"},\"potentialAction\":[{\"@type\":\"SearchAction\",\"target\":{\"@type\":\"EntryPoint\",\"urlTemplate\":\"https:\/\/fds.aufwind.co.at\/?s={search_term_string}\"},\"query-input\":{\"@type\":\"PropertyValueSpecification\",\"valueRequired\":true,\"valueName\":\"search_term_string\"}}],\"inLanguage\":\"en-US\"},{\"@type\":\"Organization\",\"@id\":\"https:\/\/fds.aufwind.co.at\/#organization\",\"name\":\"KB lookforward\",\"url\":\"https:\/\/fds.aufwind.co.at\/\",\"logo\":{\"@type\":\"ImageObject\",\"inLanguage\":\"en-US\",\"@id\":\"https:\/\/fds.aufwind.co.at\/#\/schema\/logo\/image\/\",\"url\":\"https:\/\/fds.aufwind.co.at\/wp-content\/uploads\/2023\/10\/Icon-KB.svg\",\"contentUrl\":\"https:\/\/fds.aufwind.co.at\/wp-content\/uploads\/2023\/10\/Icon-KB.svg\",\"caption\":\"KB lookforward\"},\"image\":{\"@id\":\"https:\/\/fds.aufwind.co.at\/#\/schema\/logo\/image\/\"}}]}<\/script>\n<!-- \/ Yoast SEO plugin. -->","yoast_head_json":{"title":"indviduelle BRA Boxen : individuelle Box, Kennenlernbox, New In Box, Abo Box - lookforward Shop","robots":{"index":"noindex","follow":"follow","max-snippet":"max-snippet:-1","max-image-preview":"max-image-preview:large","max-video-preview":"max-video-preview:-1"},"og_locale":"en_US","og_type":"article","og_title":"[:de]indviduelle BRA Boxen : individuelle Box, Kennenlernbox, New In Box, Abo Box[:] - lookforward Shop","og_description":"individuelle Box :\u00a0Du bekommst deine 3 Lieblings BRAs aus unserem kompletten BRA Sortiment zum genialen Box Preis von 100\u20ac. Lege die individuelle Box in den Warenkorb und schreibe uns eine Mail an kundenservice@lookforward.at mit den Artikelnummern deiner 3 Wunsch Bras und deiner Bestellnummer.  &nbsp;   Kennenlernbox: Lass dich \u00fcberraschen. F\u00fcr alle, die unsere BRAS noch nicht kennen. Wir packen eine Box mit 3 Must Have Bras f\u00fcr dich, die jede Frau im Kleiderschrank haben sollte. Du bekommst die Box zum mega Kennenlernpreis von 100\u20ac.  &nbsp;   New In Box:\u00a0Lass dich \u00fcberraschen. Diese Box ist f\u00fcr alle geeinget, die unsere Bras lieben. Wir packen dir eine Box mit 3 Bras der neuen Kollektion. Du bekommst die Box zum genialen Kennenlernpreis von 100\u20ac.  &nbsp;   Abo Box:\u00a0Lass dich einmal im Monat \u00fcberraschen. Geeignet f\u00fcr alle, die immer up to date sein wollen. Du bekommst 3 Monate lang immer am 10. des Monats 3 Bra Modelle aus der neuesten Kollektion noch vor dem offiziellen Launch. In jede Monatsbox packen wir ausserdem noch spezielle Goodies, \u00fcber die du dich bestimmt freust. Genialler Preis pro Box: 100\u20ac  &nbsp;  Wenn dir eine Box nicht gef\u00e4llt, kannst du sie nat\u00fcrlich zu den normalen Retourenbedingungen zur\u00fccksenden.  &nbsp;  &nbsp;  &nbsp;","og_url":"https:\/\/fds.aufwind.co.at\/en\/produkt\/indviduelle-bra-boxen-individuelle-box-kennenlernbox-new-in-box-abo-box\/","og_site_name":"lookforward Shop","article_modified_time":"2025-02-20T09:01:35+00:00","og_image":[{"width":2560,"height":1707,"url":"https:\/\/fds.aufwind.co.at\/wp-content\/uploads\/2024\/06\/IMG_4946-scaled.jpg","type":"image\/jpeg"}],"twitter_card":"summary_large_image","twitter_misc":{"Est. reading time":"1 minute"},"schema":{"@context":"https:\/\/schema.org","@graph":[{"@type":"WebPage","@id":"https:\/\/fds.aufwind.co.at\/produkt\/indviduelle-bra-boxen-individuelle-box-kennenlernbox-new-in-box-abo-box\/","url":"https:\/\/fds.aufwind.co.at\/produkt\/indviduelle-bra-boxen-individuelle-box-kennenlernbox-new-in-box-abo-box\/","name":"indviduelle BRA Boxen : individuelle Box, Kennenlernbox, New In Box, Abo Box","isPartOf":{"@id":"https:\/\/fds.aufwind.co.at\/#website"},"primaryImageOfPage":{"@id":"https:\/\/fds.aufwind.co.at\/produkt\/indviduelle-bra-boxen-individuelle-box-kennenlernbox-new-in-box-abo-box\/#primaryimage"},"image":{"@id":"https:\/\/fds.aufwind.co.at\/produkt\/indviduelle-bra-boxen-individuelle-box-kennenlernbox-new-in-box-abo-box\/#primaryimage"},"thumbnailUrl":"https:\/\/fds.aufwind.co.at\/wp-content\/uploads\/2024\/06\/IMG_4946-scaled.jpg","datePublished":"2024-09-17T15:51:58+00:00","dateModified":"2025-02-20T09:01:35+00:00","breadcrumb":{"@id":"https:\/\/fds.aufwind.co.at\/produkt\/indviduelle-bra-boxen-individuelle-box-kennenlernbox-new-in-box-abo-box\/#breadcrumb"},"inLanguage":"en-US","potentialAction":[{"@type":"ReadAction","target":["https:\/\/fds.aufwind.co.at\/produkt\/indviduelle-bra-boxen-individuelle-box-kennenlernbox-new-in-box-abo-box\/"]}]},{"@type":"ImageObject","inLanguage":"en-US","@id":"https:\/\/fds.aufwind.co.at\/produkt\/indviduelle-bra-boxen-individuelle-box-kennenlernbox-new-in-box-abo-box\/#primaryimage","url":"https:\/\/fds.aufwind.co.at\/wp-content\/uploads\/2024\/06\/IMG_4946-scaled.jpg","contentUrl":"https:\/\/fds.aufwind.co.at\/wp-content\/uploads\/2024\/06\/IMG_4946-scaled.jpg","width":2560,"height":1707},{"@type":"BreadcrumbList","@id":"https:\/\/fds.aufwind.co.at\/produkt\/indviduelle-bra-boxen-individuelle-box-kennenlernbox-new-in-box-abo-box\/#breadcrumb","itemListElement":[{"@type":"ListItem","position":1,"name":"Startseite","item":"https:\/\/fds.aufwind.co.at\/"},{"@type":"ListItem","position":2,"name":"Shop","item":"https:\/\/fds.aufwind.co.at\/shop\/"},{"@type":"ListItem","position":3,"name":"indviduelle BRA Boxen : individuelle Box, Kennenlernbox, New In Box, Abo Box"}]},{"@type":"WebSite","@id":"https:\/\/fds.aufwind.co.at\/#website","url":"https:\/\/fds.aufwind.co.at\/","name":"lookforward Shop","description":"Der neue Shop f\u00fcr Fashion, Lifestyle, Family, Food and Beauty.","publisher":{"@id":"https:\/\/fds.aufwind.co.at\/#organization"},"potentialAction":[{"@type":"SearchAction","target":{"@type":"EntryPoint","urlTemplate":"https:\/\/fds.aufwind.co.at\/?s={search_term_string}"},"query-input":{"@type":"PropertyValueSpecification","valueRequired":true,"valueName":"search_term_string"}}],"inLanguage":"en-US"},{"@type":"Organization","@id":"https:\/\/fds.aufwind.co.at\/#organization","name":"KB lookforward","url":"https:\/\/fds.aufwind.co.at\/","logo":{"@type":"ImageObject","inLanguage":"en-US","@id":"https:\/\/fds.aufwind.co.at\/#\/schema\/logo\/image\/","url":"https:\/\/fds.aufwind.co.at\/wp-content\/uploads\/2023\/10\/Icon-KB.svg","contentUrl":"https:\/\/fds.aufwind.co.at\/wp-content\/uploads\/2023\/10\/Icon-KB.svg","caption":"KB lookforward"},"image":{"@id":"https:\/\/fds.aufwind.co.at\/#\/schema\/logo\/image\/"}}]}},"_links":{"self":[{"href":"https:\/\/fds.aufwind.co.at\/en\/wp-json\/wp\/v2\/product\/140310","targetHints":{"allow":["GET"]}}],"collection":[{"href":"https:\/\/fds.aufwind.co.at\/en\/wp-json\/wp\/v2\/product"}],"about":[{"href":"https:\/\/fds.aufwind.co.at\/en\/wp-json\/wp\/v2\/types\/product"}],"wp:featuredmedia":[{"embeddable":true,"href":"https:\/\/fds.aufwind.co.at\/en\/wp-json\/wp\/v2\/media\/137980"}],"wp:attachment":[{"href":"https:\/\/fds.aufwind.co.at\/en\/wp-json\/wp\/v2\/media?parent=140310"}],"wp:term":[{"taxonomy":"product_brand","embeddable":true,"href":"https:\/\/fds.aufwind.co.at\/en\/wp-json\/wp\/v2\/product_brand?post=140310"},{"taxonomy":"product_cat","embeddable":true,"href":"https:\/\/fds.aufwind.co.at\/en\/wp-json\/wp\/v2\/product_cat?post=140310"},{"taxonomy":"product_tag","embeddable":true,"href":"https:\/\/fds.aufwind.co.at\/en\/wp-json\/wp\/v2\/product_tag?post=140310"}],"curies":[{"name":"wp","href":"https:\/\/api.w.org\/{rel}","templated":true}]}}