{"id":138842,"date":"2024-07-26T10:01:06","date_gmt":"2024-07-26T08:01:06","guid":{"rendered":"https:\/\/www.lookforward.at\/?post_type=product&#038;p=138842"},"modified":"2025-01-12T21:14:24","modified_gmt":"2025-01-12T20:14:24","slug":"0154-musselinkleid-mit-leoprint-in-4-farben-und-guertel","status":"publish","type":"product","link":"https:\/\/fds.aufwind.co.at\/en\/produkt\/0154-musselinkleid-mit-leoprint-in-4-farben-und-guertel\/","title":{"rendered":"0154 Musselinkleid mit Leoprint in 4 Farben und G\u00fcrtel"},"content":{"rendered":"","protected":false},"excerpt":{"rendered":"<ul>\n<li>Musselinkleid mit Leo Print<\/li>\n<li>in 4 Farben: beige, wei\u00df, camel, khaki<\/li>\n<li>ONE SIZE (passt von 36-42)<\/li>\n<li>angnehmes weiches Musselinmaterial<\/li>\n<li>mit G\u00fcrtel zum Rausnehmen<\/li>\n<li>\u00fcberlappter Auschnitt<\/li>\n<li>locker und loose geschnitten<\/li>\n<li>made in Italy<\/li>\n<li>waschbar auf 30 Grad<\/li>\n<li>100 % Baumwolle<\/li>\n<\/ul>\n","protected":false},"featured_media":138803,"template":"","meta":{"inline_featured_image":false},"product_brand":[],"product_cat":[466,450,72],"product_tag":[],"class_list":{"0":"post-138842","1":"product","2":"type-product","3":"status-publish","4":"has-post-thumbnail","6":"product_cat-happy-new-year-sale","7":"product_cat-leo-kollektion","8":"product_cat-kleid","10":"first","11":"instock","12":"sale","13":"taxable","14":"shipping-taxable","15":"purchasable","16":"product-type-variable"},"bundled_by":[],"bundle_stock_status":"instock","bundle_stock_quantity":null,"bundle_virtual":false,"bundle_layout":"","bundle_add_to_cart_form_location":"","bundle_editable_in_cart":false,"bundle_sold_individually_context":"","bundle_item_grouping":"","bundle_min_size":"","bundle_max_size":"","bundle_price":[],"bundled_items":[],"bundle_sell_ids":[],"yoast_head":"<!-- This site is optimized with the Yoast SEO plugin v24.6 - https:\/\/yoast.com\/wordpress\/plugins\/seo\/ -->\n<title>0154 Musselinkleid mit Leoprint in 4 Farben und G\u00fcrtel - lookforward Shop<\/title>\n<meta name=\"robots\" content=\"noindex, follow, max-snippet:-1, max-image-preview:large, max-video-preview:-1\" \/>\n<meta property=\"og:locale\" content=\"en_US\" \/>\n<meta property=\"og:locale:alternate\" content=\"de_DE\" \/>\n<meta property=\"og:type\" content=\"article\" \/>\n<meta property=\"og:title\" content=\"0154 Musselinkleid mit Leoprint in 4 Farben und G\u00fcrtel\" \/>\n<meta property=\"og:description\" content=\"Musselinkleid mit Leo Print  in 4 Farben: beige, wei\u00df, camel, khaki  ONE SIZE (passt von 36-42)  angnehmes weiches Musselinmaterial  mit G\u00fcrtel zum Rausnehmen  \u00fcberlappter Auschnitt  locker und loose geschnitten  made in Italy  waschbar auf 30 Grad  100 % Baumwolle\" \/>\n<meta property=\"og:url\" content=\"https:\/\/fds.aufwind.co.at\/en\/produkt\/0154-musselinkleid-mit-leoprint-in-4-farben-und-guertel\/\" \/>\n<meta property=\"og:site_name\" content=\"lookforward Shop\" \/>\n<meta property=\"article:modified_time\" content=\"2025-01-12T20:14:24+00:00\" \/>\n<meta property=\"og:image\" content=\"https:\/\/fds.aufwind.co.at\/wp-content\/uploads\/2024\/07\/image00034-2-scaled.jpeg\" \/>\n\t<meta property=\"og:image:width\" content=\"1920\" \/>\n\t<meta property=\"og:image:height\" content=\"2560\" \/>\n\t<meta property=\"og:image:type\" content=\"image\/jpeg\" \/>\n<meta name=\"twitter:card\" content=\"summary_large_image\" \/>\n<meta name=\"twitter:label1\" content=\"Est. reading time\" \/>\n\t<meta name=\"twitter:data1\" content=\"1 minute\" \/>\n<script type=\"application\/ld+json\" class=\"yoast-schema-graph\">{\"@context\":\"https:\/\/schema.org\",\"@graph\":[{\"@type\":\"WebPage\",\"@id\":\"https:\/\/fds.aufwind.co.at\/produkt\/0154-musselinkleid-mit-leoprint-in-4-farben-und-guertel\/\",\"url\":\"https:\/\/fds.aufwind.co.at\/produkt\/0154-musselinkleid-mit-leoprint-in-4-farben-und-guertel\/\",\"name\":\"0154 Musselinkleid mit Leoprint in 4 Farben und G\u00fcrtel\",\"isPartOf\":{\"@id\":\"https:\/\/fds.aufwind.co.at\/#website\"},\"primaryImageOfPage\":{\"@id\":\"https:\/\/fds.aufwind.co.at\/produkt\/0154-musselinkleid-mit-leoprint-in-4-farben-und-guertel\/#primaryimage\"},\"image\":{\"@id\":\"https:\/\/fds.aufwind.co.at\/produkt\/0154-musselinkleid-mit-leoprint-in-4-farben-und-guertel\/#primaryimage\"},\"thumbnailUrl\":\"https:\/\/fds.aufwind.co.at\/wp-content\/uploads\/2024\/07\/image00034-2-scaled.jpeg\",\"datePublished\":\"2024-07-26T08:01:06+00:00\",\"dateModified\":\"2025-01-12T20:14:24+00:00\",\"breadcrumb\":{\"@id\":\"https:\/\/fds.aufwind.co.at\/produkt\/0154-musselinkleid-mit-leoprint-in-4-farben-und-guertel\/#breadcrumb\"},\"inLanguage\":\"en-US\",\"potentialAction\":[{\"@type\":\"ReadAction\",\"target\":[\"https:\/\/fds.aufwind.co.at\/produkt\/0154-musselinkleid-mit-leoprint-in-4-farben-und-guertel\/\"]}]},{\"@type\":\"ImageObject\",\"inLanguage\":\"en-US\",\"@id\":\"https:\/\/fds.aufwind.co.at\/produkt\/0154-musselinkleid-mit-leoprint-in-4-farben-und-guertel\/#primaryimage\",\"url\":\"https:\/\/fds.aufwind.co.at\/wp-content\/uploads\/2024\/07\/image00034-2-scaled.jpeg\",\"contentUrl\":\"https:\/\/fds.aufwind.co.at\/wp-content\/uploads\/2024\/07\/image00034-2-scaled.jpeg\",\"width\":1920,\"height\":2560},{\"@type\":\"BreadcrumbList\",\"@id\":\"https:\/\/fds.aufwind.co.at\/produkt\/0154-musselinkleid-mit-leoprint-in-4-farben-und-guertel\/#breadcrumb\",\"itemListElement\":[{\"@type\":\"ListItem\",\"position\":1,\"name\":\"Startseite\",\"item\":\"https:\/\/fds.aufwind.co.at\/\"},{\"@type\":\"ListItem\",\"position\":2,\"name\":\"Shop\",\"item\":\"https:\/\/fds.aufwind.co.at\/shop\/\"},{\"@type\":\"ListItem\",\"position\":3,\"name\":\"0154 Musselinkleid mit Leoprint in 4 Farben und G\u00fcrtel\"}]},{\"@type\":\"WebSite\",\"@id\":\"https:\/\/fds.aufwind.co.at\/#website\",\"url\":\"https:\/\/fds.aufwind.co.at\/\",\"name\":\"lookforward Shop\",\"description\":\"Der neue Shop f\u00fcr Fashion, Lifestyle, Family, Food and Beauty.\",\"publisher\":{\"@id\":\"https:\/\/fds.aufwind.co.at\/#organization\"},\"potentialAction\":[{\"@type\":\"SearchAction\",\"target\":{\"@type\":\"EntryPoint\",\"urlTemplate\":\"https:\/\/fds.aufwind.co.at\/?s={search_term_string}\"},\"query-input\":{\"@type\":\"PropertyValueSpecification\",\"valueRequired\":true,\"valueName\":\"search_term_string\"}}],\"inLanguage\":\"en-US\"},{\"@type\":\"Organization\",\"@id\":\"https:\/\/fds.aufwind.co.at\/#organization\",\"name\":\"KB lookforward\",\"url\":\"https:\/\/fds.aufwind.co.at\/\",\"logo\":{\"@type\":\"ImageObject\",\"inLanguage\":\"en-US\",\"@id\":\"https:\/\/fds.aufwind.co.at\/#\/schema\/logo\/image\/\",\"url\":\"https:\/\/fds.aufwind.co.at\/wp-content\/uploads\/2023\/10\/Icon-KB.svg\",\"contentUrl\":\"https:\/\/fds.aufwind.co.at\/wp-content\/uploads\/2023\/10\/Icon-KB.svg\",\"caption\":\"KB lookforward\"},\"image\":{\"@id\":\"https:\/\/fds.aufwind.co.at\/#\/schema\/logo\/image\/\"}}]}<\/script>\n<!-- \/ Yoast SEO plugin. -->","yoast_head_json":{"title":"0154 Musselinkleid mit Leoprint in 4 Farben und G\u00fcrtel - lookforward Shop","robots":{"index":"noindex","follow":"follow","max-snippet":"max-snippet:-1","max-image-preview":"max-image-preview:large","max-video-preview":"max-video-preview:-1"},"og_locale":"en_US","og_type":"article","og_title":"[:de]0154 Musselinkleid mit Leoprint in 4 Farben und G\u00fcrtel[:] - lookforward Shop","og_description":"Musselinkleid mit Leo Print  in 4 Farben: beige, wei\u00df, camel, khaki  ONE SIZE (passt von 36-42)  angnehmes weiches Musselinmaterial  mit G\u00fcrtel zum Rausnehmen  \u00fcberlappter Auschnitt  locker und loose geschnitten  made in Italy  waschbar auf 30 Grad  100 % Baumwolle","og_url":"https:\/\/fds.aufwind.co.at\/en\/produkt\/0154-musselinkleid-mit-leoprint-in-4-farben-und-guertel\/","og_site_name":"lookforward Shop","article_modified_time":"2025-01-12T20:14:24+00:00","og_image":[{"width":1920,"height":2560,"url":"https:\/\/fds.aufwind.co.at\/wp-content\/uploads\/2024\/07\/image00034-2-scaled.jpeg","type":"image\/jpeg"}],"twitter_card":"summary_large_image","twitter_misc":{"Est. reading time":"1 minute"},"schema":{"@context":"https:\/\/schema.org","@graph":[{"@type":"WebPage","@id":"https:\/\/fds.aufwind.co.at\/produkt\/0154-musselinkleid-mit-leoprint-in-4-farben-und-guertel\/","url":"https:\/\/fds.aufwind.co.at\/produkt\/0154-musselinkleid-mit-leoprint-in-4-farben-und-guertel\/","name":"0154 Musselinkleid mit Leoprint in 4 Farben und G\u00fcrtel","isPartOf":{"@id":"https:\/\/fds.aufwind.co.at\/#website"},"primaryImageOfPage":{"@id":"https:\/\/fds.aufwind.co.at\/produkt\/0154-musselinkleid-mit-leoprint-in-4-farben-und-guertel\/#primaryimage"},"image":{"@id":"https:\/\/fds.aufwind.co.at\/produkt\/0154-musselinkleid-mit-leoprint-in-4-farben-und-guertel\/#primaryimage"},"thumbnailUrl":"https:\/\/fds.aufwind.co.at\/wp-content\/uploads\/2024\/07\/image00034-2-scaled.jpeg","datePublished":"2024-07-26T08:01:06+00:00","dateModified":"2025-01-12T20:14:24+00:00","breadcrumb":{"@id":"https:\/\/fds.aufwind.co.at\/produkt\/0154-musselinkleid-mit-leoprint-in-4-farben-und-guertel\/#breadcrumb"},"inLanguage":"en-US","potentialAction":[{"@type":"ReadAction","target":["https:\/\/fds.aufwind.co.at\/produkt\/0154-musselinkleid-mit-leoprint-in-4-farben-und-guertel\/"]}]},{"@type":"ImageObject","inLanguage":"en-US","@id":"https:\/\/fds.aufwind.co.at\/produkt\/0154-musselinkleid-mit-leoprint-in-4-farben-und-guertel\/#primaryimage","url":"https:\/\/fds.aufwind.co.at\/wp-content\/uploads\/2024\/07\/image00034-2-scaled.jpeg","contentUrl":"https:\/\/fds.aufwind.co.at\/wp-content\/uploads\/2024\/07\/image00034-2-scaled.jpeg","width":1920,"height":2560},{"@type":"BreadcrumbList","@id":"https:\/\/fds.aufwind.co.at\/produkt\/0154-musselinkleid-mit-leoprint-in-4-farben-und-guertel\/#breadcrumb","itemListElement":[{"@type":"ListItem","position":1,"name":"Startseite","item":"https:\/\/fds.aufwind.co.at\/"},{"@type":"ListItem","position":2,"name":"Shop","item":"https:\/\/fds.aufwind.co.at\/shop\/"},{"@type":"ListItem","position":3,"name":"0154 Musselinkleid mit Leoprint in 4 Farben und G\u00fcrtel"}]},{"@type":"WebSite","@id":"https:\/\/fds.aufwind.co.at\/#website","url":"https:\/\/fds.aufwind.co.at\/","name":"lookforward Shop","description":"Der neue Shop f\u00fcr Fashion, Lifestyle, Family, Food and Beauty.","publisher":{"@id":"https:\/\/fds.aufwind.co.at\/#organization"},"potentialAction":[{"@type":"SearchAction","target":{"@type":"EntryPoint","urlTemplate":"https:\/\/fds.aufwind.co.at\/?s={search_term_string}"},"query-input":{"@type":"PropertyValueSpecification","valueRequired":true,"valueName":"search_term_string"}}],"inLanguage":"en-US"},{"@type":"Organization","@id":"https:\/\/fds.aufwind.co.at\/#organization","name":"KB lookforward","url":"https:\/\/fds.aufwind.co.at\/","logo":{"@type":"ImageObject","inLanguage":"en-US","@id":"https:\/\/fds.aufwind.co.at\/#\/schema\/logo\/image\/","url":"https:\/\/fds.aufwind.co.at\/wp-content\/uploads\/2023\/10\/Icon-KB.svg","contentUrl":"https:\/\/fds.aufwind.co.at\/wp-content\/uploads\/2023\/10\/Icon-KB.svg","caption":"KB lookforward"},"image":{"@id":"https:\/\/fds.aufwind.co.at\/#\/schema\/logo\/image\/"}}]}},"_links":{"self":[{"href":"https:\/\/fds.aufwind.co.at\/en\/wp-json\/wp\/v2\/product\/138842","targetHints":{"allow":["GET"]}}],"collection":[{"href":"https:\/\/fds.aufwind.co.at\/en\/wp-json\/wp\/v2\/product"}],"about":[{"href":"https:\/\/fds.aufwind.co.at\/en\/wp-json\/wp\/v2\/types\/product"}],"wp:featuredmedia":[{"embeddable":true,"href":"https:\/\/fds.aufwind.co.at\/en\/wp-json\/wp\/v2\/media\/138803"}],"wp:attachment":[{"href":"https:\/\/fds.aufwind.co.at\/en\/wp-json\/wp\/v2\/media?parent=138842"}],"wp:term":[{"taxonomy":"product_brand","embeddable":true,"href":"https:\/\/fds.aufwind.co.at\/en\/wp-json\/wp\/v2\/product_brand?post=138842"},{"taxonomy":"product_cat","embeddable":true,"href":"https:\/\/fds.aufwind.co.at\/en\/wp-json\/wp\/v2\/product_cat?post=138842"},{"taxonomy":"product_tag","embeddable":true,"href":"https:\/\/fds.aufwind.co.at\/en\/wp-json\/wp\/v2\/product_tag?post=138842"}],"curies":[{"name":"wp","href":"https:\/\/api.w.org\/{rel}","templated":true}]}}