{"id":138660,"date":"2024-07-20T11:31:37","date_gmt":"2024-07-20T09:31:37","guid":{"rendered":"https:\/\/www.lookforward.at\/?post_type=product&#038;p=138660"},"modified":"2025-01-07T14:20:05","modified_gmt":"2025-01-07T13:20:05","slug":"0136-ripp-bra-mit-cups-und-spitze-in-rosa-beige-schwarz-und-weiss","status":"publish","type":"product","link":"https:\/\/fds.aufwind.co.at\/en\/produkt\/0136-ripp-bra-mit-cups-und-spitze-in-rosa-beige-schwarz-und-weiss\/","title":{"rendered":"BRA 003 Ripp Bra mit Cups und Spitze in rosa, beige , schwarz und wei\u00df"},"content":{"rendered":"","protected":false},"excerpt":{"rendered":"<ul>\n<li>Ripp Bra<\/li>\n<li>mit Cup und Spitze<\/li>\n<li>ONE SIZE (passt bis Cup E)<\/li>\n<li>Innencup passt sich super an und macht ein wundersch\u00f6nes Dekoltee<\/li>\n<li>waschbar auf 30 Grad<\/li>\n<li>mit Ripp B\u00fcndchen f\u00fcr perfekte Halt auch bei gr\u00f6\u00dferem Busen<\/li>\n<li>42 % Viskose , 50 % Nylon, 8% Elasthan<\/li>\n<\/ul>\n","protected":false},"featured_media":138674,"template":"","meta":{"inline_featured_image":false},"product_brand":[],"product_cat":[442,443,466],"product_tag":[],"class_list":{"0":"post-138660","1":"product","2":"type-product","3":"status-publish","4":"has-post-thumbnail","6":"product_cat-bras","7":"product_cat-fav-von-sarahs-healthylifestyle","8":"product_cat-happy-new-year-sale","10":"first","11":"instock","12":"sale","13":"taxable","14":"shipping-taxable","15":"purchasable","16":"product-type-variable"},"bundled_by":[],"bundle_stock_status":"instock","bundle_stock_quantity":null,"bundle_virtual":false,"bundle_layout":"","bundle_add_to_cart_form_location":"","bundle_editable_in_cart":false,"bundle_sold_individually_context":"","bundle_item_grouping":"","bundle_min_size":"","bundle_max_size":"","bundle_price":[],"bundled_items":[],"bundle_sell_ids":[],"yoast_head":"<!-- This site is optimized with the Yoast SEO plugin v24.6 - https:\/\/yoast.com\/wordpress\/plugins\/seo\/ -->\n<title>BRA 003 Ripp Bra mit Cups und Spitze in rosa, beige , schwarz und wei\u00df - lookforward Shop<\/title>\n<meta name=\"robots\" content=\"noindex, follow, max-snippet:-1, max-image-preview:large, max-video-preview:-1\" \/>\n<meta property=\"og:locale\" content=\"en_US\" \/>\n<meta property=\"og:locale:alternate\" content=\"de_DE\" \/>\n<meta property=\"og:type\" content=\"article\" \/>\n<meta property=\"og:title\" content=\"BRA 003 Ripp Bra mit Cups und Spitze in rosa, beige , schwarz und wei\u00df\" \/>\n<meta property=\"og:description\" content=\"Ripp Bra  mit Cup und Spitze  ONE SIZE (passt bis Cup E)  Innencup passt sich super an und macht ein wundersch\u00f6nes Dekoltee  waschbar auf 30 Grad  mit Ripp B\u00fcndchen f\u00fcr perfekte Halt auch bei gr\u00f6\u00dferem Busen  42 % Viskose , 50 % Nylon, 8% Elasthan\" \/>\n<meta property=\"og:url\" content=\"https:\/\/fds.aufwind.co.at\/en\/produkt\/0136-ripp-bra-mit-cups-und-spitze-in-rosa-beige-schwarz-und-weiss\/\" \/>\n<meta property=\"og:site_name\" content=\"lookforward Shop\" \/>\n<meta property=\"article:modified_time\" content=\"2025-01-07T13:20:05+00:00\" \/>\n<meta property=\"og:image\" content=\"https:\/\/fds.aufwind.co.at\/wp-content\/uploads\/2024\/07\/image00005-3-scaled.jpeg\" \/>\n\t<meta property=\"og:image:width\" content=\"1920\" \/>\n\t<meta property=\"og:image:height\" content=\"2560\" \/>\n\t<meta property=\"og:image:type\" content=\"image\/jpeg\" \/>\n<meta name=\"twitter:card\" content=\"summary_large_image\" \/>\n<meta name=\"twitter:label1\" content=\"Est. reading time\" \/>\n\t<meta name=\"twitter:data1\" content=\"1 minute\" \/>\n<script type=\"application\/ld+json\" class=\"yoast-schema-graph\">{\"@context\":\"https:\/\/schema.org\",\"@graph\":[{\"@type\":\"WebPage\",\"@id\":\"https:\/\/fds.aufwind.co.at\/produkt\/0136-ripp-bra-mit-cups-und-spitze-in-rosa-beige-schwarz-und-weiss\/\",\"url\":\"https:\/\/fds.aufwind.co.at\/produkt\/0136-ripp-bra-mit-cups-und-spitze-in-rosa-beige-schwarz-und-weiss\/\",\"name\":\"BRA 003 Ripp Bra mit Cups und Spitze in rosa, beige , schwarz und wei\u00df\",\"isPartOf\":{\"@id\":\"https:\/\/fds.aufwind.co.at\/#website\"},\"primaryImageOfPage\":{\"@id\":\"https:\/\/fds.aufwind.co.at\/produkt\/0136-ripp-bra-mit-cups-und-spitze-in-rosa-beige-schwarz-und-weiss\/#primaryimage\"},\"image\":{\"@id\":\"https:\/\/fds.aufwind.co.at\/produkt\/0136-ripp-bra-mit-cups-und-spitze-in-rosa-beige-schwarz-und-weiss\/#primaryimage\"},\"thumbnailUrl\":\"https:\/\/fds.aufwind.co.at\/wp-content\/uploads\/2024\/07\/image00005-3-scaled.jpeg\",\"datePublished\":\"2024-07-20T09:31:37+00:00\",\"dateModified\":\"2025-01-07T13:20:05+00:00\",\"breadcrumb\":{\"@id\":\"https:\/\/fds.aufwind.co.at\/produkt\/0136-ripp-bra-mit-cups-und-spitze-in-rosa-beige-schwarz-und-weiss\/#breadcrumb\"},\"inLanguage\":\"en-US\",\"potentialAction\":[{\"@type\":\"ReadAction\",\"target\":[\"https:\/\/fds.aufwind.co.at\/produkt\/0136-ripp-bra-mit-cups-und-spitze-in-rosa-beige-schwarz-und-weiss\/\"]}]},{\"@type\":\"ImageObject\",\"inLanguage\":\"en-US\",\"@id\":\"https:\/\/fds.aufwind.co.at\/produkt\/0136-ripp-bra-mit-cups-und-spitze-in-rosa-beige-schwarz-und-weiss\/#primaryimage\",\"url\":\"https:\/\/fds.aufwind.co.at\/wp-content\/uploads\/2024\/07\/image00005-3-scaled.jpeg\",\"contentUrl\":\"https:\/\/fds.aufwind.co.at\/wp-content\/uploads\/2024\/07\/image00005-3-scaled.jpeg\",\"width\":1920,\"height\":2560,\"caption\":\"Processed with VSCO with al3 preset\"},{\"@type\":\"BreadcrumbList\",\"@id\":\"https:\/\/fds.aufwind.co.at\/produkt\/0136-ripp-bra-mit-cups-und-spitze-in-rosa-beige-schwarz-und-weiss\/#breadcrumb\",\"itemListElement\":[{\"@type\":\"ListItem\",\"position\":1,\"name\":\"Startseite\",\"item\":\"https:\/\/fds.aufwind.co.at\/\"},{\"@type\":\"ListItem\",\"position\":2,\"name\":\"Shop\",\"item\":\"https:\/\/fds.aufwind.co.at\/shop\/\"},{\"@type\":\"ListItem\",\"position\":3,\"name\":\"BRA 003 Ripp Bra mit Cups und Spitze in rosa, beige , schwarz und wei\u00df\"}]},{\"@type\":\"WebSite\",\"@id\":\"https:\/\/fds.aufwind.co.at\/#website\",\"url\":\"https:\/\/fds.aufwind.co.at\/\",\"name\":\"lookforward Shop\",\"description\":\"Der neue Shop f\u00fcr Fashion, Lifestyle, Family, Food and Beauty.\",\"publisher\":{\"@id\":\"https:\/\/fds.aufwind.co.at\/#organization\"},\"potentialAction\":[{\"@type\":\"SearchAction\",\"target\":{\"@type\":\"EntryPoint\",\"urlTemplate\":\"https:\/\/fds.aufwind.co.at\/?s={search_term_string}\"},\"query-input\":{\"@type\":\"PropertyValueSpecification\",\"valueRequired\":true,\"valueName\":\"search_term_string\"}}],\"inLanguage\":\"en-US\"},{\"@type\":\"Organization\",\"@id\":\"https:\/\/fds.aufwind.co.at\/#organization\",\"name\":\"KB lookforward\",\"url\":\"https:\/\/fds.aufwind.co.at\/\",\"logo\":{\"@type\":\"ImageObject\",\"inLanguage\":\"en-US\",\"@id\":\"https:\/\/fds.aufwind.co.at\/#\/schema\/logo\/image\/\",\"url\":\"https:\/\/fds.aufwind.co.at\/wp-content\/uploads\/2023\/10\/Icon-KB.svg\",\"contentUrl\":\"https:\/\/fds.aufwind.co.at\/wp-content\/uploads\/2023\/10\/Icon-KB.svg\",\"caption\":\"KB lookforward\"},\"image\":{\"@id\":\"https:\/\/fds.aufwind.co.at\/#\/schema\/logo\/image\/\"}}]}<\/script>\n<!-- \/ Yoast SEO plugin. -->","yoast_head_json":{"title":"BRA 003 Ripp Bra mit Cups und Spitze in rosa, beige , schwarz und wei\u00df - lookforward Shop","robots":{"index":"noindex","follow":"follow","max-snippet":"max-snippet:-1","max-image-preview":"max-image-preview:large","max-video-preview":"max-video-preview:-1"},"og_locale":"en_US","og_type":"article","og_title":"[:de]BRA 003 Ripp Bra mit Cups und Spitze in rosa, beige , schwarz und wei\u00df[:] - lookforward Shop","og_description":"Ripp Bra  mit Cup und Spitze  ONE SIZE (passt bis Cup E)  Innencup passt sich super an und macht ein wundersch\u00f6nes Dekoltee  waschbar auf 30 Grad  mit Ripp B\u00fcndchen f\u00fcr perfekte Halt auch bei gr\u00f6\u00dferem Busen  42 % Viskose , 50 % Nylon, 8% Elasthan","og_url":"https:\/\/fds.aufwind.co.at\/en\/produkt\/0136-ripp-bra-mit-cups-und-spitze-in-rosa-beige-schwarz-und-weiss\/","og_site_name":"lookforward Shop","article_modified_time":"2025-01-07T13:20:05+00:00","og_image":[{"width":1920,"height":2560,"url":"https:\/\/fds.aufwind.co.at\/wp-content\/uploads\/2024\/07\/image00005-3-scaled.jpeg","type":"image\/jpeg"}],"twitter_card":"summary_large_image","twitter_misc":{"Est. reading time":"1 minute"},"schema":{"@context":"https:\/\/schema.org","@graph":[{"@type":"WebPage","@id":"https:\/\/fds.aufwind.co.at\/produkt\/0136-ripp-bra-mit-cups-und-spitze-in-rosa-beige-schwarz-und-weiss\/","url":"https:\/\/fds.aufwind.co.at\/produkt\/0136-ripp-bra-mit-cups-und-spitze-in-rosa-beige-schwarz-und-weiss\/","name":"BRA 003 Ripp Bra mit Cups und Spitze in rosa, beige , schwarz und wei\u00df","isPartOf":{"@id":"https:\/\/fds.aufwind.co.at\/#website"},"primaryImageOfPage":{"@id":"https:\/\/fds.aufwind.co.at\/produkt\/0136-ripp-bra-mit-cups-und-spitze-in-rosa-beige-schwarz-und-weiss\/#primaryimage"},"image":{"@id":"https:\/\/fds.aufwind.co.at\/produkt\/0136-ripp-bra-mit-cups-und-spitze-in-rosa-beige-schwarz-und-weiss\/#primaryimage"},"thumbnailUrl":"https:\/\/fds.aufwind.co.at\/wp-content\/uploads\/2024\/07\/image00005-3-scaled.jpeg","datePublished":"2024-07-20T09:31:37+00:00","dateModified":"2025-01-07T13:20:05+00:00","breadcrumb":{"@id":"https:\/\/fds.aufwind.co.at\/produkt\/0136-ripp-bra-mit-cups-und-spitze-in-rosa-beige-schwarz-und-weiss\/#breadcrumb"},"inLanguage":"en-US","potentialAction":[{"@type":"ReadAction","target":["https:\/\/fds.aufwind.co.at\/produkt\/0136-ripp-bra-mit-cups-und-spitze-in-rosa-beige-schwarz-und-weiss\/"]}]},{"@type":"ImageObject","inLanguage":"en-US","@id":"https:\/\/fds.aufwind.co.at\/produkt\/0136-ripp-bra-mit-cups-und-spitze-in-rosa-beige-schwarz-und-weiss\/#primaryimage","url":"https:\/\/fds.aufwind.co.at\/wp-content\/uploads\/2024\/07\/image00005-3-scaled.jpeg","contentUrl":"https:\/\/fds.aufwind.co.at\/wp-content\/uploads\/2024\/07\/image00005-3-scaled.jpeg","width":1920,"height":2560,"caption":"Processed with VSCO with al3 preset"},{"@type":"BreadcrumbList","@id":"https:\/\/fds.aufwind.co.at\/produkt\/0136-ripp-bra-mit-cups-und-spitze-in-rosa-beige-schwarz-und-weiss\/#breadcrumb","itemListElement":[{"@type":"ListItem","position":1,"name":"Startseite","item":"https:\/\/fds.aufwind.co.at\/"},{"@type":"ListItem","position":2,"name":"Shop","item":"https:\/\/fds.aufwind.co.at\/shop\/"},{"@type":"ListItem","position":3,"name":"BRA 003 Ripp Bra mit Cups und Spitze in rosa, beige , schwarz und wei\u00df"}]},{"@type":"WebSite","@id":"https:\/\/fds.aufwind.co.at\/#website","url":"https:\/\/fds.aufwind.co.at\/","name":"lookforward Shop","description":"Der neue Shop f\u00fcr Fashion, Lifestyle, Family, Food and Beauty.","publisher":{"@id":"https:\/\/fds.aufwind.co.at\/#organization"},"potentialAction":[{"@type":"SearchAction","target":{"@type":"EntryPoint","urlTemplate":"https:\/\/fds.aufwind.co.at\/?s={search_term_string}"},"query-input":{"@type":"PropertyValueSpecification","valueRequired":true,"valueName":"search_term_string"}}],"inLanguage":"en-US"},{"@type":"Organization","@id":"https:\/\/fds.aufwind.co.at\/#organization","name":"KB lookforward","url":"https:\/\/fds.aufwind.co.at\/","logo":{"@type":"ImageObject","inLanguage":"en-US","@id":"https:\/\/fds.aufwind.co.at\/#\/schema\/logo\/image\/","url":"https:\/\/fds.aufwind.co.at\/wp-content\/uploads\/2023\/10\/Icon-KB.svg","contentUrl":"https:\/\/fds.aufwind.co.at\/wp-content\/uploads\/2023\/10\/Icon-KB.svg","caption":"KB lookforward"},"image":{"@id":"https:\/\/fds.aufwind.co.at\/#\/schema\/logo\/image\/"}}]}},"_links":{"self":[{"href":"https:\/\/fds.aufwind.co.at\/en\/wp-json\/wp\/v2\/product\/138660","targetHints":{"allow":["GET"]}}],"collection":[{"href":"https:\/\/fds.aufwind.co.at\/en\/wp-json\/wp\/v2\/product"}],"about":[{"href":"https:\/\/fds.aufwind.co.at\/en\/wp-json\/wp\/v2\/types\/product"}],"wp:featuredmedia":[{"embeddable":true,"href":"https:\/\/fds.aufwind.co.at\/en\/wp-json\/wp\/v2\/media\/138674"}],"wp:attachment":[{"href":"https:\/\/fds.aufwind.co.at\/en\/wp-json\/wp\/v2\/media?parent=138660"}],"wp:term":[{"taxonomy":"product_brand","embeddable":true,"href":"https:\/\/fds.aufwind.co.at\/en\/wp-json\/wp\/v2\/product_brand?post=138660"},{"taxonomy":"product_cat","embeddable":true,"href":"https:\/\/fds.aufwind.co.at\/en\/wp-json\/wp\/v2\/product_cat?post=138660"},{"taxonomy":"product_tag","embeddable":true,"href":"https:\/\/fds.aufwind.co.at\/en\/wp-json\/wp\/v2\/product_tag?post=138660"}],"curies":[{"name":"wp","href":"https:\/\/api.w.org\/{rel}","templated":true}]}}