{"id":138404,"date":"2024-07-11T21:53:45","date_gmt":"2024-07-11T19:53:45","guid":{"rendered":"https:\/\/www.lookforward.at\/?post_type=product&#038;p=138404"},"modified":"2025-01-13T12:47:49","modified_gmt":"2025-01-13T11:47:49","slug":"ueberraschungsbox","status":"publish","type":"product","link":"https:\/\/fds.aufwind.co.at\/en\/produkt\/ueberraschungsbox\/","title":{"rendered":"\u00dcberraschungsbox J\u00c4NNER von Kati &#038; Sarah"},"content":{"rendered":"","protected":false},"excerpt":{"rendered":"<p>Kuschelzeit \ud83d\ude42<\/p>\n<p>Die J\u00e4nner Box \u00fcbertrifft alle Boxen, die es bisher gab. Es sind n\u00e4mlich in jeder Box gleich 3 tolle neue Kleidungsst\u00fccke (neben den passenden Accessoires), die es im Onlineshop gar nicht geben wird.<\/p>\n<p>Ausserdem vorab vor Launch &#8211; unser neuer BRA oo11 f\u00fcr euch in jeder Box. Nat\u00fcrlich passend zu den Kleidungsst\u00fccken und in den Lieblingsfarben von Kati und Sarah.<\/p>\n<p>Jede Box beinhaltet \u00a0wundersch\u00f6ne lookforward \u00dcberraschungsteilchen von Kati und Sarah in ONE SIZE (passend von 36-42) und wird mit Liebe gepackt. Bestellen &#8211; auspacken und freuen, shoppe unsere FAVS zum absolut genialen Special Preis.<\/p>\n<p>Fixer Bestandteil jeder Box:<\/p>\n<ul>\n<li>Set aus Cardigan und Rock, das ihr zusammenpassend kombinieren k\u00f6nnt. Oder nat\u00fcrlich getrennt \ud83d\ude42<\/li>\n<li>ein s\u00fc\u00dfer kuscheliger Pullover<\/li>\n<li>unser BRA 0011 (noch nicht online erh\u00e4ltlich -exclusiv vorm Launch, in Katis oder Sarahs Lieblingsfarbe)<\/li>\n<li>ein neues Strumpfhosenmodell, dass ihr lieben werdet.<\/li>\n<li>ein Kette, die ihr ganz toll zu den Teilchen kombinieren k\u00f6nnt.<\/li>\n<\/ul>\n<p>&nbsp;<\/p>\n<p>&nbsp;<\/p>\n<p>regul\u00e4rer Verkaufswert jeder Box: 300\u20ac<\/p>\n<p>Du kannst die Box nat\u00fcrlich zu den regul\u00e4ren Retourenbedingungen zur\u00fcckschicken, wenn dir der Inhalt nicht gefallen sollten.<\/p>\n<p>&nbsp;<\/p>\n<p>&nbsp;<\/p>\n<p>&nbsp;<\/p>\n","protected":false},"featured_media":137978,"template":"","meta":{"inline_featured_image":false},"product_brand":[],"product_cat":[443,447],"product_tag":[],"class_list":{"0":"post-138404","1":"product","2":"type-product","3":"status-publish","4":"has-post-thumbnail","6":"product_cat-fav-von-sarahs-healthylifestyle","7":"product_cat-ueberraschungsbox","9":"first","10":"outofstock","11":"taxable","12":"shipping-taxable","13":"purchasable","14":"product-type-variable"},"bundled_by":[],"bundle_stock_status":"outofstock","bundle_stock_quantity":null,"bundle_virtual":false,"bundle_layout":"","bundle_add_to_cart_form_location":"","bundle_editable_in_cart":false,"bundle_sold_individually_context":"","bundle_item_grouping":"","bundle_min_size":"","bundle_max_size":"","bundle_price":[],"bundled_items":[],"bundle_sell_ids":[],"yoast_head":"<!-- This site is optimized with the Yoast SEO plugin v24.6 - https:\/\/yoast.com\/wordpress\/plugins\/seo\/ -->\n<title>\u00dcberraschungsbox J\u00c4NNER von Kati &amp; Sarah - lookforward Shop<\/title>\n<meta name=\"robots\" content=\"noindex, follow, max-snippet:-1, max-image-preview:large, max-video-preview:-1\" \/>\n<meta property=\"og:locale\" content=\"en_US\" \/>\n<meta property=\"og:locale:alternate\" content=\"de_DE\" \/>\n<meta property=\"og:type\" content=\"article\" \/>\n<meta property=\"og:title\" content=\"\u00dcberraschungsbox J\u00c4NNER von Kati &amp; Sarah\" \/>\n<meta property=\"og:description\" content=\"Kuschelzeit :-)  Die J\u00e4nner Box \u00fcbertrifft alle Boxen, die es bisher gab. Es sind n\u00e4mlich in jeder Box gleich 3 tolle neue Kleidungsst\u00fccke (neben den passenden Accessoires), die es im Onlineshop gar nicht geben wird.  Ausserdem vorab vor Launch - unser neuer BRA oo11 f\u00fcr euch in jeder Box. Nat\u00fcrlich passend zu den Kleidungsst\u00fccken und in den Lieblingsfarben von Kati und Sarah.  Jede Box beinhaltet \u00a0wundersch\u00f6ne lookforward \u00dcberraschungsteilchen von Kati und Sarah in ONE SIZE (passend von 36-42) und wird mit Liebe gepackt. Bestellen - auspacken und freuen, shoppe unsere FAVS zum absolut genialen Special Preis.  Fixer Bestandteil jeder Box:   Set aus Cardigan und Rock, das ihr zusammenpassend kombinieren k\u00f6nnt. Oder nat\u00fcrlich getrennt :-)  ein s\u00fc\u00dfer kuscheliger Pullover  unser BRA 0011 (noch nicht online erh\u00e4ltlich -exclusiv vorm Launch, in Katis oder Sarahs Lieblingsfarbe)  ein neues Strumpfhosenmodell, dass ihr lieben werdet.  ein Kette, die ihr ganz toll zu den Teilchen kombinieren k\u00f6nnt.  &nbsp;  &nbsp;  regul\u00e4rer Verkaufswert jeder Box: 300\u20ac  Du kannst die Box nat\u00fcrlich zu den regul\u00e4ren Retourenbedingungen zur\u00fcckschicken, wenn dir der Inhalt nicht gefallen sollten.  &nbsp;  &nbsp;  &nbsp;\" \/>\n<meta property=\"og:url\" content=\"https:\/\/fds.aufwind.co.at\/en\/produkt\/ueberraschungsbox\/\" \/>\n<meta property=\"og:site_name\" content=\"lookforward Shop\" \/>\n<meta property=\"article:modified_time\" content=\"2025-01-13T11:47:49+00:00\" \/>\n<meta property=\"og:image\" content=\"https:\/\/fds.aufwind.co.at\/wp-content\/uploads\/2024\/06\/IMG_4972-scaled.jpg\" \/>\n\t<meta property=\"og:image:width\" content=\"2560\" \/>\n\t<meta property=\"og:image:height\" content=\"1707\" \/>\n\t<meta property=\"og:image:type\" content=\"image\/jpeg\" \/>\n<meta name=\"twitter:card\" content=\"summary_large_image\" \/>\n<meta name=\"twitter:label1\" content=\"Est. reading time\" \/>\n\t<meta name=\"twitter:data1\" content=\"1 minute\" \/>\n<script type=\"application\/ld+json\" class=\"yoast-schema-graph\">{\"@context\":\"https:\/\/schema.org\",\"@graph\":[{\"@type\":\"WebPage\",\"@id\":\"https:\/\/fds.aufwind.co.at\/produkt\/ueberraschungsbox\/\",\"url\":\"https:\/\/fds.aufwind.co.at\/produkt\/ueberraschungsbox\/\",\"name\":\"\u00dcberraschungsbox J\u00c4NNER von Kati & Sarah\",\"isPartOf\":{\"@id\":\"https:\/\/fds.aufwind.co.at\/#website\"},\"primaryImageOfPage\":{\"@id\":\"https:\/\/fds.aufwind.co.at\/produkt\/ueberraschungsbox\/#primaryimage\"},\"image\":{\"@id\":\"https:\/\/fds.aufwind.co.at\/produkt\/ueberraschungsbox\/#primaryimage\"},\"thumbnailUrl\":\"https:\/\/fds.aufwind.co.at\/wp-content\/uploads\/2024\/06\/IMG_4972-scaled.jpg\",\"datePublished\":\"2024-07-11T19:53:45+00:00\",\"dateModified\":\"2025-01-13T11:47:49+00:00\",\"breadcrumb\":{\"@id\":\"https:\/\/fds.aufwind.co.at\/produkt\/ueberraschungsbox\/#breadcrumb\"},\"inLanguage\":\"en-US\",\"potentialAction\":[{\"@type\":\"ReadAction\",\"target\":[\"https:\/\/fds.aufwind.co.at\/produkt\/ueberraschungsbox\/\"]}]},{\"@type\":\"ImageObject\",\"inLanguage\":\"en-US\",\"@id\":\"https:\/\/fds.aufwind.co.at\/produkt\/ueberraschungsbox\/#primaryimage\",\"url\":\"https:\/\/fds.aufwind.co.at\/wp-content\/uploads\/2024\/06\/IMG_4972-scaled.jpg\",\"contentUrl\":\"https:\/\/fds.aufwind.co.at\/wp-content\/uploads\/2024\/06\/IMG_4972-scaled.jpg\",\"width\":2560,\"height\":1707},{\"@type\":\"BreadcrumbList\",\"@id\":\"https:\/\/fds.aufwind.co.at\/produkt\/ueberraschungsbox\/#breadcrumb\",\"itemListElement\":[{\"@type\":\"ListItem\",\"position\":1,\"name\":\"Startseite\",\"item\":\"https:\/\/fds.aufwind.co.at\/\"},{\"@type\":\"ListItem\",\"position\":2,\"name\":\"Shop\",\"item\":\"https:\/\/fds.aufwind.co.at\/shop\/\"},{\"@type\":\"ListItem\",\"position\":3,\"name\":\"\u00dcberraschungsbox J\u00c4NNER von Kati &#038; Sarah\"}]},{\"@type\":\"WebSite\",\"@id\":\"https:\/\/fds.aufwind.co.at\/#website\",\"url\":\"https:\/\/fds.aufwind.co.at\/\",\"name\":\"lookforward Shop\",\"description\":\"Der neue Shop f\u00fcr Fashion, Lifestyle, Family, Food and Beauty.\",\"publisher\":{\"@id\":\"https:\/\/fds.aufwind.co.at\/#organization\"},\"potentialAction\":[{\"@type\":\"SearchAction\",\"target\":{\"@type\":\"EntryPoint\",\"urlTemplate\":\"https:\/\/fds.aufwind.co.at\/?s={search_term_string}\"},\"query-input\":{\"@type\":\"PropertyValueSpecification\",\"valueRequired\":true,\"valueName\":\"search_term_string\"}}],\"inLanguage\":\"en-US\"},{\"@type\":\"Organization\",\"@id\":\"https:\/\/fds.aufwind.co.at\/#organization\",\"name\":\"KB lookforward\",\"url\":\"https:\/\/fds.aufwind.co.at\/\",\"logo\":{\"@type\":\"ImageObject\",\"inLanguage\":\"en-US\",\"@id\":\"https:\/\/fds.aufwind.co.at\/#\/schema\/logo\/image\/\",\"url\":\"https:\/\/fds.aufwind.co.at\/wp-content\/uploads\/2023\/10\/Icon-KB.svg\",\"contentUrl\":\"https:\/\/fds.aufwind.co.at\/wp-content\/uploads\/2023\/10\/Icon-KB.svg\",\"caption\":\"KB lookforward\"},\"image\":{\"@id\":\"https:\/\/fds.aufwind.co.at\/#\/schema\/logo\/image\/\"}}]}<\/script>\n<!-- \/ Yoast SEO plugin. -->","yoast_head_json":{"title":"\u00dcberraschungsbox J\u00c4NNER von Kati & Sarah - lookforward Shop","robots":{"index":"noindex","follow":"follow","max-snippet":"max-snippet:-1","max-image-preview":"max-image-preview:large","max-video-preview":"max-video-preview:-1"},"og_locale":"en_US","og_type":"article","og_title":"[:de]\u00dcberraschungsbox J\u00c4NNER von Kati & Sarah[:] - lookforward Shop","og_description":"Kuschelzeit :-)  Die J\u00e4nner Box \u00fcbertrifft alle Boxen, die es bisher gab. Es sind n\u00e4mlich in jeder Box gleich 3 tolle neue Kleidungsst\u00fccke (neben den passenden Accessoires), die es im Onlineshop gar nicht geben wird.  Ausserdem vorab vor Launch - unser neuer BRA oo11 f\u00fcr euch in jeder Box. Nat\u00fcrlich passend zu den Kleidungsst\u00fccken und in den Lieblingsfarben von Kati und Sarah.  Jede Box beinhaltet \u00a0wundersch\u00f6ne lookforward \u00dcberraschungsteilchen von Kati und Sarah in ONE SIZE (passend von 36-42) und wird mit Liebe gepackt. Bestellen - auspacken und freuen, shoppe unsere FAVS zum absolut genialen Special Preis.  Fixer Bestandteil jeder Box:   Set aus Cardigan und Rock, das ihr zusammenpassend kombinieren k\u00f6nnt. Oder nat\u00fcrlich getrennt :-)  ein s\u00fc\u00dfer kuscheliger Pullover  unser BRA 0011 (noch nicht online erh\u00e4ltlich -exclusiv vorm Launch, in Katis oder Sarahs Lieblingsfarbe)  ein neues Strumpfhosenmodell, dass ihr lieben werdet.  ein Kette, die ihr ganz toll zu den Teilchen kombinieren k\u00f6nnt.  &nbsp;  &nbsp;  regul\u00e4rer Verkaufswert jeder Box: 300\u20ac  Du kannst die Box nat\u00fcrlich zu den regul\u00e4ren Retourenbedingungen zur\u00fcckschicken, wenn dir der Inhalt nicht gefallen sollten.  &nbsp;  &nbsp;  &nbsp;","og_url":"https:\/\/fds.aufwind.co.at\/en\/produkt\/ueberraschungsbox\/","og_site_name":"lookforward Shop","article_modified_time":"2025-01-13T11:47:49+00:00","og_image":[{"width":2560,"height":1707,"url":"https:\/\/fds.aufwind.co.at\/wp-content\/uploads\/2024\/06\/IMG_4972-scaled.jpg","type":"image\/jpeg"}],"twitter_card":"summary_large_image","twitter_misc":{"Est. reading time":"1 minute"},"schema":{"@context":"https:\/\/schema.org","@graph":[{"@type":"WebPage","@id":"https:\/\/fds.aufwind.co.at\/produkt\/ueberraschungsbox\/","url":"https:\/\/fds.aufwind.co.at\/produkt\/ueberraschungsbox\/","name":"\u00dcberraschungsbox J\u00c4NNER von Kati & Sarah","isPartOf":{"@id":"https:\/\/fds.aufwind.co.at\/#website"},"primaryImageOfPage":{"@id":"https:\/\/fds.aufwind.co.at\/produkt\/ueberraschungsbox\/#primaryimage"},"image":{"@id":"https:\/\/fds.aufwind.co.at\/produkt\/ueberraschungsbox\/#primaryimage"},"thumbnailUrl":"https:\/\/fds.aufwind.co.at\/wp-content\/uploads\/2024\/06\/IMG_4972-scaled.jpg","datePublished":"2024-07-11T19:53:45+00:00","dateModified":"2025-01-13T11:47:49+00:00","breadcrumb":{"@id":"https:\/\/fds.aufwind.co.at\/produkt\/ueberraschungsbox\/#breadcrumb"},"inLanguage":"en-US","potentialAction":[{"@type":"ReadAction","target":["https:\/\/fds.aufwind.co.at\/produkt\/ueberraschungsbox\/"]}]},{"@type":"ImageObject","inLanguage":"en-US","@id":"https:\/\/fds.aufwind.co.at\/produkt\/ueberraschungsbox\/#primaryimage","url":"https:\/\/fds.aufwind.co.at\/wp-content\/uploads\/2024\/06\/IMG_4972-scaled.jpg","contentUrl":"https:\/\/fds.aufwind.co.at\/wp-content\/uploads\/2024\/06\/IMG_4972-scaled.jpg","width":2560,"height":1707},{"@type":"BreadcrumbList","@id":"https:\/\/fds.aufwind.co.at\/produkt\/ueberraschungsbox\/#breadcrumb","itemListElement":[{"@type":"ListItem","position":1,"name":"Startseite","item":"https:\/\/fds.aufwind.co.at\/"},{"@type":"ListItem","position":2,"name":"Shop","item":"https:\/\/fds.aufwind.co.at\/shop\/"},{"@type":"ListItem","position":3,"name":"\u00dcberraschungsbox J\u00c4NNER von Kati &#038; Sarah"}]},{"@type":"WebSite","@id":"https:\/\/fds.aufwind.co.at\/#website","url":"https:\/\/fds.aufwind.co.at\/","name":"lookforward Shop","description":"Der neue Shop f\u00fcr Fashion, Lifestyle, Family, Food and Beauty.","publisher":{"@id":"https:\/\/fds.aufwind.co.at\/#organization"},"potentialAction":[{"@type":"SearchAction","target":{"@type":"EntryPoint","urlTemplate":"https:\/\/fds.aufwind.co.at\/?s={search_term_string}"},"query-input":{"@type":"PropertyValueSpecification","valueRequired":true,"valueName":"search_term_string"}}],"inLanguage":"en-US"},{"@type":"Organization","@id":"https:\/\/fds.aufwind.co.at\/#organization","name":"KB lookforward","url":"https:\/\/fds.aufwind.co.at\/","logo":{"@type":"ImageObject","inLanguage":"en-US","@id":"https:\/\/fds.aufwind.co.at\/#\/schema\/logo\/image\/","url":"https:\/\/fds.aufwind.co.at\/wp-content\/uploads\/2023\/10\/Icon-KB.svg","contentUrl":"https:\/\/fds.aufwind.co.at\/wp-content\/uploads\/2023\/10\/Icon-KB.svg","caption":"KB lookforward"},"image":{"@id":"https:\/\/fds.aufwind.co.at\/#\/schema\/logo\/image\/"}}]}},"_links":{"self":[{"href":"https:\/\/fds.aufwind.co.at\/en\/wp-json\/wp\/v2\/product\/138404","targetHints":{"allow":["GET"]}}],"collection":[{"href":"https:\/\/fds.aufwind.co.at\/en\/wp-json\/wp\/v2\/product"}],"about":[{"href":"https:\/\/fds.aufwind.co.at\/en\/wp-json\/wp\/v2\/types\/product"}],"wp:featuredmedia":[{"embeddable":true,"href":"https:\/\/fds.aufwind.co.at\/en\/wp-json\/wp\/v2\/media\/137978"}],"wp:attachment":[{"href":"https:\/\/fds.aufwind.co.at\/en\/wp-json\/wp\/v2\/media?parent=138404"}],"wp:term":[{"taxonomy":"product_brand","embeddable":true,"href":"https:\/\/fds.aufwind.co.at\/en\/wp-json\/wp\/v2\/product_brand?post=138404"},{"taxonomy":"product_cat","embeddable":true,"href":"https:\/\/fds.aufwind.co.at\/en\/wp-json\/wp\/v2\/product_cat?post=138404"},{"taxonomy":"product_tag","embeddable":true,"href":"https:\/\/fds.aufwind.co.at\/en\/wp-json\/wp\/v2\/product_tag?post=138404"}],"curies":[{"name":"wp","href":"https:\/\/api.w.org\/{rel}","templated":true}]}}