{"id":138015,"date":"2024-06-21T17:19:14","date_gmt":"2024-06-21T15:19:14","guid":{"rendered":"https:\/\/www.lookforward.at\/?post_type=product&#038;p=138015"},"modified":"2025-01-13T06:59:33","modified_gmt":"2025-01-13T05:59:33","slug":"s007-lederimitat-blazer-in-schwarz-und-beige","status":"publish","type":"product","link":"https:\/\/fds.aufwind.co.at\/en\/produkt\/s007-lederimitat-blazer-in-schwarz-und-beige\/","title":{"rendered":"S007 Lederimitat Blazer in schwarz und beige"},"content":{"rendered":"","protected":false},"excerpt":{"rendered":"<p>Lederimitat Blazer<\/p>\n<ul>\n<li>erh\u00e4ltlich von S-XL (f\u00e4llt kleiner aus &#8211; eine Nummer gr\u00f6\u00dfer nehmen)<\/li>\n<li>sehr weiches Lederimitat<\/li>\n<li>Blazerschnitt<\/li>\n<li>mit l\u00e4ssigen Reisverschlussdetails<\/li>\n<li>55% PU 45% Viskose<\/li>\n<\/ul>\n","protected":false},"featured_media":137962,"template":"","meta":{"inline_featured_image":false},"product_brand":[],"product_cat":[435,443,317,15],"product_tag":[],"class_list":{"0":"post-138015","1":"product","2":"type-product","3":"status-publish","4":"has-post-thumbnail","6":"product_cat-blazer","7":"product_cat-fav-von-sarahs-healthylifestyle","8":"product_cat-jacken","9":"product_cat-unkategorisiert","11":"first","12":"outofstock","13":"sale","14":"taxable","15":"shipping-taxable","16":"purchasable","17":"product-type-variable"},"bundled_by":[],"bundle_stock_status":"outofstock","bundle_stock_quantity":null,"bundle_virtual":false,"bundle_layout":"","bundle_add_to_cart_form_location":"","bundle_editable_in_cart":false,"bundle_sold_individually_context":"","bundle_item_grouping":"","bundle_min_size":"","bundle_max_size":"","bundle_price":[],"bundled_items":[],"bundle_sell_ids":[],"yoast_head":"<!-- This site is optimized with the Yoast SEO plugin v24.6 - https:\/\/yoast.com\/wordpress\/plugins\/seo\/ -->\n<title>S007 Lederimitat Blazer in schwarz und beige - lookforward Shop<\/title>\n<meta name=\"robots\" content=\"noindex, follow, max-snippet:-1, max-image-preview:large, max-video-preview:-1\" \/>\n<meta property=\"og:locale\" content=\"en_US\" \/>\n<meta property=\"og:locale:alternate\" content=\"de_DE\" \/>\n<meta property=\"og:type\" content=\"article\" \/>\n<meta property=\"og:title\" content=\"S007 Lederimitat Blazer in schwarz und beige\" \/>\n<meta property=\"og:description\" content=\"Lederimitat Blazer   erh\u00e4ltlich von S-XL (f\u00e4llt kleiner aus - eine Nummer gr\u00f6\u00dfer nehmen)  sehr weiches Lederimitat  Blazerschnitt  mit l\u00e4ssigen Reisverschlussdetails  55% PU 45% Viskose\" \/>\n<meta property=\"og:url\" content=\"https:\/\/fds.aufwind.co.at\/en\/produkt\/s007-lederimitat-blazer-in-schwarz-und-beige\/\" \/>\n<meta property=\"og:site_name\" content=\"lookforward Shop\" \/>\n<meta property=\"article:modified_time\" content=\"2025-01-13T05:59:33+00:00\" \/>\n<meta property=\"og:image\" content=\"https:\/\/fds.aufwind.co.at\/wp-content\/uploads\/2024\/06\/IMG_5236-scaled.jpg\" \/>\n\t<meta property=\"og:image:width\" content=\"1707\" \/>\n\t<meta property=\"og:image:height\" content=\"2560\" \/>\n\t<meta property=\"og:image:type\" content=\"image\/jpeg\" \/>\n<meta name=\"twitter:card\" content=\"summary_large_image\" \/>\n<meta name=\"twitter:label1\" content=\"Est. reading time\" \/>\n\t<meta name=\"twitter:data1\" content=\"1 minute\" \/>\n<script type=\"application\/ld+json\" class=\"yoast-schema-graph\">{\"@context\":\"https:\/\/schema.org\",\"@graph\":[{\"@type\":\"WebPage\",\"@id\":\"https:\/\/fds.aufwind.co.at\/produkt\/s007-lederimitat-blazer-in-schwarz-und-beige\/\",\"url\":\"https:\/\/fds.aufwind.co.at\/produkt\/s007-lederimitat-blazer-in-schwarz-und-beige\/\",\"name\":\"S007 Lederimitat Blazer in schwarz und beige\",\"isPartOf\":{\"@id\":\"https:\/\/fds.aufwind.co.at\/#website\"},\"primaryImageOfPage\":{\"@id\":\"https:\/\/fds.aufwind.co.at\/produkt\/s007-lederimitat-blazer-in-schwarz-und-beige\/#primaryimage\"},\"image\":{\"@id\":\"https:\/\/fds.aufwind.co.at\/produkt\/s007-lederimitat-blazer-in-schwarz-und-beige\/#primaryimage\"},\"thumbnailUrl\":\"https:\/\/fds.aufwind.co.at\/wp-content\/uploads\/2024\/06\/IMG_5236-scaled.jpg\",\"datePublished\":\"2024-06-21T15:19:14+00:00\",\"dateModified\":\"2025-01-13T05:59:33+00:00\",\"breadcrumb\":{\"@id\":\"https:\/\/fds.aufwind.co.at\/produkt\/s007-lederimitat-blazer-in-schwarz-und-beige\/#breadcrumb\"},\"inLanguage\":\"en-US\",\"potentialAction\":[{\"@type\":\"ReadAction\",\"target\":[\"https:\/\/fds.aufwind.co.at\/produkt\/s007-lederimitat-blazer-in-schwarz-und-beige\/\"]}]},{\"@type\":\"ImageObject\",\"inLanguage\":\"en-US\",\"@id\":\"https:\/\/fds.aufwind.co.at\/produkt\/s007-lederimitat-blazer-in-schwarz-und-beige\/#primaryimage\",\"url\":\"https:\/\/fds.aufwind.co.at\/wp-content\/uploads\/2024\/06\/IMG_5236-scaled.jpg\",\"contentUrl\":\"https:\/\/fds.aufwind.co.at\/wp-content\/uploads\/2024\/06\/IMG_5236-scaled.jpg\",\"width\":1707,\"height\":2560},{\"@type\":\"BreadcrumbList\",\"@id\":\"https:\/\/fds.aufwind.co.at\/produkt\/s007-lederimitat-blazer-in-schwarz-und-beige\/#breadcrumb\",\"itemListElement\":[{\"@type\":\"ListItem\",\"position\":1,\"name\":\"Startseite\",\"item\":\"https:\/\/fds.aufwind.co.at\/\"},{\"@type\":\"ListItem\",\"position\":2,\"name\":\"Shop\",\"item\":\"https:\/\/fds.aufwind.co.at\/shop\/\"},{\"@type\":\"ListItem\",\"position\":3,\"name\":\"S007 Lederimitat Blazer in schwarz und beige\"}]},{\"@type\":\"WebSite\",\"@id\":\"https:\/\/fds.aufwind.co.at\/#website\",\"url\":\"https:\/\/fds.aufwind.co.at\/\",\"name\":\"lookforward Shop\",\"description\":\"Der neue Shop f\u00fcr Fashion, Lifestyle, Family, Food and Beauty.\",\"publisher\":{\"@id\":\"https:\/\/fds.aufwind.co.at\/#organization\"},\"potentialAction\":[{\"@type\":\"SearchAction\",\"target\":{\"@type\":\"EntryPoint\",\"urlTemplate\":\"https:\/\/fds.aufwind.co.at\/?s={search_term_string}\"},\"query-input\":{\"@type\":\"PropertyValueSpecification\",\"valueRequired\":true,\"valueName\":\"search_term_string\"}}],\"inLanguage\":\"en-US\"},{\"@type\":\"Organization\",\"@id\":\"https:\/\/fds.aufwind.co.at\/#organization\",\"name\":\"KB lookforward\",\"url\":\"https:\/\/fds.aufwind.co.at\/\",\"logo\":{\"@type\":\"ImageObject\",\"inLanguage\":\"en-US\",\"@id\":\"https:\/\/fds.aufwind.co.at\/#\/schema\/logo\/image\/\",\"url\":\"https:\/\/fds.aufwind.co.at\/wp-content\/uploads\/2023\/10\/Icon-KB.svg\",\"contentUrl\":\"https:\/\/fds.aufwind.co.at\/wp-content\/uploads\/2023\/10\/Icon-KB.svg\",\"caption\":\"KB lookforward\"},\"image\":{\"@id\":\"https:\/\/fds.aufwind.co.at\/#\/schema\/logo\/image\/\"}}]}<\/script>\n<!-- \/ Yoast SEO plugin. -->","yoast_head_json":{"title":"S007 Lederimitat Blazer in schwarz und beige - lookforward Shop","robots":{"index":"noindex","follow":"follow","max-snippet":"max-snippet:-1","max-image-preview":"max-image-preview:large","max-video-preview":"max-video-preview:-1"},"og_locale":"en_US","og_type":"article","og_title":"[:de]S007 Lederimitat Blazer in schwarz und beige[:] - lookforward Shop","og_description":"Lederimitat Blazer   erh\u00e4ltlich von S-XL (f\u00e4llt kleiner aus - eine Nummer gr\u00f6\u00dfer nehmen)  sehr weiches Lederimitat  Blazerschnitt  mit l\u00e4ssigen Reisverschlussdetails  55% PU 45% Viskose","og_url":"https:\/\/fds.aufwind.co.at\/en\/produkt\/s007-lederimitat-blazer-in-schwarz-und-beige\/","og_site_name":"lookforward Shop","article_modified_time":"2025-01-13T05:59:33+00:00","og_image":[{"width":1707,"height":2560,"url":"https:\/\/fds.aufwind.co.at\/wp-content\/uploads\/2024\/06\/IMG_5236-scaled.jpg","type":"image\/jpeg"}],"twitter_card":"summary_large_image","twitter_misc":{"Est. reading time":"1 minute"},"schema":{"@context":"https:\/\/schema.org","@graph":[{"@type":"WebPage","@id":"https:\/\/fds.aufwind.co.at\/produkt\/s007-lederimitat-blazer-in-schwarz-und-beige\/","url":"https:\/\/fds.aufwind.co.at\/produkt\/s007-lederimitat-blazer-in-schwarz-und-beige\/","name":"S007 Lederimitat Blazer in schwarz und beige","isPartOf":{"@id":"https:\/\/fds.aufwind.co.at\/#website"},"primaryImageOfPage":{"@id":"https:\/\/fds.aufwind.co.at\/produkt\/s007-lederimitat-blazer-in-schwarz-und-beige\/#primaryimage"},"image":{"@id":"https:\/\/fds.aufwind.co.at\/produkt\/s007-lederimitat-blazer-in-schwarz-und-beige\/#primaryimage"},"thumbnailUrl":"https:\/\/fds.aufwind.co.at\/wp-content\/uploads\/2024\/06\/IMG_5236-scaled.jpg","datePublished":"2024-06-21T15:19:14+00:00","dateModified":"2025-01-13T05:59:33+00:00","breadcrumb":{"@id":"https:\/\/fds.aufwind.co.at\/produkt\/s007-lederimitat-blazer-in-schwarz-und-beige\/#breadcrumb"},"inLanguage":"en-US","potentialAction":[{"@type":"ReadAction","target":["https:\/\/fds.aufwind.co.at\/produkt\/s007-lederimitat-blazer-in-schwarz-und-beige\/"]}]},{"@type":"ImageObject","inLanguage":"en-US","@id":"https:\/\/fds.aufwind.co.at\/produkt\/s007-lederimitat-blazer-in-schwarz-und-beige\/#primaryimage","url":"https:\/\/fds.aufwind.co.at\/wp-content\/uploads\/2024\/06\/IMG_5236-scaled.jpg","contentUrl":"https:\/\/fds.aufwind.co.at\/wp-content\/uploads\/2024\/06\/IMG_5236-scaled.jpg","width":1707,"height":2560},{"@type":"BreadcrumbList","@id":"https:\/\/fds.aufwind.co.at\/produkt\/s007-lederimitat-blazer-in-schwarz-und-beige\/#breadcrumb","itemListElement":[{"@type":"ListItem","position":1,"name":"Startseite","item":"https:\/\/fds.aufwind.co.at\/"},{"@type":"ListItem","position":2,"name":"Shop","item":"https:\/\/fds.aufwind.co.at\/shop\/"},{"@type":"ListItem","position":3,"name":"S007 Lederimitat Blazer in schwarz und beige"}]},{"@type":"WebSite","@id":"https:\/\/fds.aufwind.co.at\/#website","url":"https:\/\/fds.aufwind.co.at\/","name":"lookforward Shop","description":"Der neue Shop f\u00fcr Fashion, Lifestyle, Family, Food and Beauty.","publisher":{"@id":"https:\/\/fds.aufwind.co.at\/#organization"},"potentialAction":[{"@type":"SearchAction","target":{"@type":"EntryPoint","urlTemplate":"https:\/\/fds.aufwind.co.at\/?s={search_term_string}"},"query-input":{"@type":"PropertyValueSpecification","valueRequired":true,"valueName":"search_term_string"}}],"inLanguage":"en-US"},{"@type":"Organization","@id":"https:\/\/fds.aufwind.co.at\/#organization","name":"KB lookforward","url":"https:\/\/fds.aufwind.co.at\/","logo":{"@type":"ImageObject","inLanguage":"en-US","@id":"https:\/\/fds.aufwind.co.at\/#\/schema\/logo\/image\/","url":"https:\/\/fds.aufwind.co.at\/wp-content\/uploads\/2023\/10\/Icon-KB.svg","contentUrl":"https:\/\/fds.aufwind.co.at\/wp-content\/uploads\/2023\/10\/Icon-KB.svg","caption":"KB lookforward"},"image":{"@id":"https:\/\/fds.aufwind.co.at\/#\/schema\/logo\/image\/"}}]}},"_links":{"self":[{"href":"https:\/\/fds.aufwind.co.at\/en\/wp-json\/wp\/v2\/product\/138015","targetHints":{"allow":["GET"]}}],"collection":[{"href":"https:\/\/fds.aufwind.co.at\/en\/wp-json\/wp\/v2\/product"}],"about":[{"href":"https:\/\/fds.aufwind.co.at\/en\/wp-json\/wp\/v2\/types\/product"}],"wp:featuredmedia":[{"embeddable":true,"href":"https:\/\/fds.aufwind.co.at\/en\/wp-json\/wp\/v2\/media\/137962"}],"wp:attachment":[{"href":"https:\/\/fds.aufwind.co.at\/en\/wp-json\/wp\/v2\/media?parent=138015"}],"wp:term":[{"taxonomy":"product_brand","embeddable":true,"href":"https:\/\/fds.aufwind.co.at\/en\/wp-json\/wp\/v2\/product_brand?post=138015"},{"taxonomy":"product_cat","embeddable":true,"href":"https:\/\/fds.aufwind.co.at\/en\/wp-json\/wp\/v2\/product_cat?post=138015"},{"taxonomy":"product_tag","embeddable":true,"href":"https:\/\/fds.aufwind.co.at\/en\/wp-json\/wp\/v2\/product_tag?post=138015"}],"curies":[{"name":"wp","href":"https:\/\/api.w.org\/{rel}","templated":true}]}}