{"id":137946,"date":"2024-06-21T17:25:07","date_gmt":"2024-06-21T15:25:07","guid":{"rendered":"https:\/\/www.lookforward.at\/?post_type=product&#038;p=137946"},"modified":"2025-01-15T21:50:51","modified_gmt":"2025-01-15T20:50:51","slug":"s001-spitzentop-mit-cups-in-rosa-schwarz-weiss-beige","status":"publish","type":"product","link":"https:\/\/fds.aufwind.co.at\/en\/produkt\/s001-spitzentop-mit-cups-in-rosa-schwarz-weiss-beige\/","title":{"rendered":"BRA002 Spitzentop mit Cups in rosa, schwarz, wei\u00df, beige, blau, pink, rot, flieder"},"content":{"rendered":"","protected":false},"excerpt":{"rendered":"<p>Spitzentop<\/p>\n<ul>\n<li>ONE SIZE (passt von Gr\u00f6\u00dfe S -XL)<\/li>\n<li>erh\u00e4ltlich in rosa, beige, wei\u00df und schwarz, flieder, rot, blau, pink<\/li>\n<li>mit eingen\u00e4hten Cups &#8211; passen sich super an und geben einen sehr guten Halt auch bei einem gr\u00f6\u00dferen Busen. (geschnitten wie unsere Spitzenbras)<\/li>\n<li>d\u00fcnne, \u00fcberkreuzte Tr\u00e4ger<\/li>\n<li>made in Italy<\/li>\n<li>Innenfutter : 95% Polyester, 5 % Elasthan &#8211; sehr angenehmer Tragekomfort<\/li>\n<\/ul>\n","protected":false},"featured_media":137978,"template":"","meta":{"inline_featured_image":false},"product_brand":[],"product_cat":[442,443,69],"product_tag":[],"class_list":{"0":"post-137946","1":"product","2":"type-product","3":"status-publish","4":"has-post-thumbnail","6":"product_cat-bras","7":"product_cat-fav-von-sarahs-healthylifestyle","8":"product_cat-top","10":"first","11":"instock","12":"taxable","13":"shipping-taxable","14":"purchasable","15":"product-type-variable"},"bundled_by":[],"bundle_stock_status":"instock","bundle_stock_quantity":null,"bundle_virtual":false,"bundle_layout":"","bundle_add_to_cart_form_location":"","bundle_editable_in_cart":false,"bundle_sold_individually_context":"","bundle_item_grouping":"","bundle_min_size":"","bundle_max_size":"","bundle_price":[],"bundled_items":[],"bundle_sell_ids":[],"yoast_head":"<!-- This site is optimized with the Yoast SEO plugin v24.6 - https:\/\/yoast.com\/wordpress\/plugins\/seo\/ -->\n<title>BRA002 Spitzentop mit Cups in rosa, schwarz, wei\u00df, beige, blau, pink, rot, flieder - lookforward Shop<\/title>\n<meta name=\"robots\" content=\"noindex, follow, max-snippet:-1, max-image-preview:large, max-video-preview:-1\" \/>\n<meta property=\"og:locale\" content=\"en_US\" \/>\n<meta property=\"og:locale:alternate\" content=\"de_DE\" \/>\n<meta property=\"og:type\" content=\"article\" \/>\n<meta property=\"og:title\" content=\"BRA002 Spitzentop mit Cups in rosa, schwarz, wei\u00df, beige, blau, pink, rot, flieder\" \/>\n<meta property=\"og:description\" content=\"Spitzentop   ONE SIZE (passt von Gr\u00f6\u00dfe S -XL)  erh\u00e4ltlich in rosa, beige, wei\u00df und schwarz, flieder, rot, blau, pink  mit eingen\u00e4hten Cups - passen sich super an und geben einen sehr guten Halt auch bei einem gr\u00f6\u00dferen Busen. (geschnitten wie unsere Spitzenbras)  d\u00fcnne, \u00fcberkreuzte Tr\u00e4ger  made in Italy  Innenfutter : 95% Polyester, 5 % Elasthan - sehr angenehmer Tragekomfort\" \/>\n<meta property=\"og:url\" content=\"https:\/\/fds.aufwind.co.at\/en\/produkt\/s001-spitzentop-mit-cups-in-rosa-schwarz-weiss-beige\/\" \/>\n<meta property=\"og:site_name\" content=\"lookforward Shop\" \/>\n<meta property=\"article:modified_time\" content=\"2025-01-15T20:50:51+00:00\" \/>\n<meta property=\"og:image\" content=\"https:\/\/fds.aufwind.co.at\/wp-content\/uploads\/2024\/06\/IMG_4972-scaled.jpg\" \/>\n\t<meta property=\"og:image:width\" content=\"2560\" \/>\n\t<meta property=\"og:image:height\" content=\"1707\" \/>\n\t<meta property=\"og:image:type\" content=\"image\/jpeg\" \/>\n<meta name=\"twitter:card\" content=\"summary_large_image\" \/>\n<meta name=\"twitter:label1\" content=\"Est. reading time\" \/>\n\t<meta name=\"twitter:data1\" content=\"1 minute\" \/>\n<script type=\"application\/ld+json\" class=\"yoast-schema-graph\">{\"@context\":\"https:\/\/schema.org\",\"@graph\":[{\"@type\":\"WebPage\",\"@id\":\"https:\/\/fds.aufwind.co.at\/produkt\/s001-spitzentop-mit-cups-in-rosa-schwarz-weiss-beige\/\",\"url\":\"https:\/\/fds.aufwind.co.at\/produkt\/s001-spitzentop-mit-cups-in-rosa-schwarz-weiss-beige\/\",\"name\":\"BRA002 Spitzentop mit Cups in rosa, schwarz, wei\u00df, beige, blau, pink, rot, flieder\",\"isPartOf\":{\"@id\":\"https:\/\/fds.aufwind.co.at\/#website\"},\"primaryImageOfPage\":{\"@id\":\"https:\/\/fds.aufwind.co.at\/produkt\/s001-spitzentop-mit-cups-in-rosa-schwarz-weiss-beige\/#primaryimage\"},\"image\":{\"@id\":\"https:\/\/fds.aufwind.co.at\/produkt\/s001-spitzentop-mit-cups-in-rosa-schwarz-weiss-beige\/#primaryimage\"},\"thumbnailUrl\":\"https:\/\/fds.aufwind.co.at\/wp-content\/uploads\/2024\/06\/IMG_4972-scaled.jpg\",\"datePublished\":\"2024-06-21T15:25:07+00:00\",\"dateModified\":\"2025-01-15T20:50:51+00:00\",\"breadcrumb\":{\"@id\":\"https:\/\/fds.aufwind.co.at\/produkt\/s001-spitzentop-mit-cups-in-rosa-schwarz-weiss-beige\/#breadcrumb\"},\"inLanguage\":\"en-US\",\"potentialAction\":[{\"@type\":\"ReadAction\",\"target\":[\"https:\/\/fds.aufwind.co.at\/produkt\/s001-spitzentop-mit-cups-in-rosa-schwarz-weiss-beige\/\"]}]},{\"@type\":\"ImageObject\",\"inLanguage\":\"en-US\",\"@id\":\"https:\/\/fds.aufwind.co.at\/produkt\/s001-spitzentop-mit-cups-in-rosa-schwarz-weiss-beige\/#primaryimage\",\"url\":\"https:\/\/fds.aufwind.co.at\/wp-content\/uploads\/2024\/06\/IMG_4972-scaled.jpg\",\"contentUrl\":\"https:\/\/fds.aufwind.co.at\/wp-content\/uploads\/2024\/06\/IMG_4972-scaled.jpg\",\"width\":2560,\"height\":1707},{\"@type\":\"BreadcrumbList\",\"@id\":\"https:\/\/fds.aufwind.co.at\/produkt\/s001-spitzentop-mit-cups-in-rosa-schwarz-weiss-beige\/#breadcrumb\",\"itemListElement\":[{\"@type\":\"ListItem\",\"position\":1,\"name\":\"Startseite\",\"item\":\"https:\/\/fds.aufwind.co.at\/\"},{\"@type\":\"ListItem\",\"position\":2,\"name\":\"Shop\",\"item\":\"https:\/\/fds.aufwind.co.at\/shop\/\"},{\"@type\":\"ListItem\",\"position\":3,\"name\":\"BRA002 Spitzentop mit Cups in rosa, schwarz, wei\u00df, beige, blau, pink, rot, flieder\"}]},{\"@type\":\"WebSite\",\"@id\":\"https:\/\/fds.aufwind.co.at\/#website\",\"url\":\"https:\/\/fds.aufwind.co.at\/\",\"name\":\"lookforward Shop\",\"description\":\"Der neue Shop f\u00fcr Fashion, Lifestyle, Family, Food and Beauty.\",\"publisher\":{\"@id\":\"https:\/\/fds.aufwind.co.at\/#organization\"},\"potentialAction\":[{\"@type\":\"SearchAction\",\"target\":{\"@type\":\"EntryPoint\",\"urlTemplate\":\"https:\/\/fds.aufwind.co.at\/?s={search_term_string}\"},\"query-input\":{\"@type\":\"PropertyValueSpecification\",\"valueRequired\":true,\"valueName\":\"search_term_string\"}}],\"inLanguage\":\"en-US\"},{\"@type\":\"Organization\",\"@id\":\"https:\/\/fds.aufwind.co.at\/#organization\",\"name\":\"KB lookforward\",\"url\":\"https:\/\/fds.aufwind.co.at\/\",\"logo\":{\"@type\":\"ImageObject\",\"inLanguage\":\"en-US\",\"@id\":\"https:\/\/fds.aufwind.co.at\/#\/schema\/logo\/image\/\",\"url\":\"https:\/\/fds.aufwind.co.at\/wp-content\/uploads\/2023\/10\/Icon-KB.svg\",\"contentUrl\":\"https:\/\/fds.aufwind.co.at\/wp-content\/uploads\/2023\/10\/Icon-KB.svg\",\"caption\":\"KB lookforward\"},\"image\":{\"@id\":\"https:\/\/fds.aufwind.co.at\/#\/schema\/logo\/image\/\"}}]}<\/script>\n<!-- \/ Yoast SEO plugin. -->","yoast_head_json":{"title":"BRA002 Spitzentop mit Cups in rosa, schwarz, wei\u00df, beige, blau, pink, rot, flieder - lookforward Shop","robots":{"index":"noindex","follow":"follow","max-snippet":"max-snippet:-1","max-image-preview":"max-image-preview:large","max-video-preview":"max-video-preview:-1"},"og_locale":"en_US","og_type":"article","og_title":"[:de]BRA002 Spitzentop mit Cups in rosa, schwarz, wei\u00df, beige, blau, pink, rot, flieder[:] - lookforward Shop","og_description":"Spitzentop   ONE SIZE (passt von Gr\u00f6\u00dfe S -XL)  erh\u00e4ltlich in rosa, beige, wei\u00df und schwarz, flieder, rot, blau, pink  mit eingen\u00e4hten Cups - passen sich super an und geben einen sehr guten Halt auch bei einem gr\u00f6\u00dferen Busen. (geschnitten wie unsere Spitzenbras)  d\u00fcnne, \u00fcberkreuzte Tr\u00e4ger  made in Italy  Innenfutter : 95% Polyester, 5 % Elasthan - sehr angenehmer Tragekomfort","og_url":"https:\/\/fds.aufwind.co.at\/en\/produkt\/s001-spitzentop-mit-cups-in-rosa-schwarz-weiss-beige\/","og_site_name":"lookforward Shop","article_modified_time":"2025-01-15T20:50:51+00:00","og_image":[{"width":2560,"height":1707,"url":"https:\/\/fds.aufwind.co.at\/wp-content\/uploads\/2024\/06\/IMG_4972-scaled.jpg","type":"image\/jpeg"}],"twitter_card":"summary_large_image","twitter_misc":{"Est. reading time":"1 minute"},"schema":{"@context":"https:\/\/schema.org","@graph":[{"@type":"WebPage","@id":"https:\/\/fds.aufwind.co.at\/produkt\/s001-spitzentop-mit-cups-in-rosa-schwarz-weiss-beige\/","url":"https:\/\/fds.aufwind.co.at\/produkt\/s001-spitzentop-mit-cups-in-rosa-schwarz-weiss-beige\/","name":"BRA002 Spitzentop mit Cups in rosa, schwarz, wei\u00df, beige, blau, pink, rot, flieder","isPartOf":{"@id":"https:\/\/fds.aufwind.co.at\/#website"},"primaryImageOfPage":{"@id":"https:\/\/fds.aufwind.co.at\/produkt\/s001-spitzentop-mit-cups-in-rosa-schwarz-weiss-beige\/#primaryimage"},"image":{"@id":"https:\/\/fds.aufwind.co.at\/produkt\/s001-spitzentop-mit-cups-in-rosa-schwarz-weiss-beige\/#primaryimage"},"thumbnailUrl":"https:\/\/fds.aufwind.co.at\/wp-content\/uploads\/2024\/06\/IMG_4972-scaled.jpg","datePublished":"2024-06-21T15:25:07+00:00","dateModified":"2025-01-15T20:50:51+00:00","breadcrumb":{"@id":"https:\/\/fds.aufwind.co.at\/produkt\/s001-spitzentop-mit-cups-in-rosa-schwarz-weiss-beige\/#breadcrumb"},"inLanguage":"en-US","potentialAction":[{"@type":"ReadAction","target":["https:\/\/fds.aufwind.co.at\/produkt\/s001-spitzentop-mit-cups-in-rosa-schwarz-weiss-beige\/"]}]},{"@type":"ImageObject","inLanguage":"en-US","@id":"https:\/\/fds.aufwind.co.at\/produkt\/s001-spitzentop-mit-cups-in-rosa-schwarz-weiss-beige\/#primaryimage","url":"https:\/\/fds.aufwind.co.at\/wp-content\/uploads\/2024\/06\/IMG_4972-scaled.jpg","contentUrl":"https:\/\/fds.aufwind.co.at\/wp-content\/uploads\/2024\/06\/IMG_4972-scaled.jpg","width":2560,"height":1707},{"@type":"BreadcrumbList","@id":"https:\/\/fds.aufwind.co.at\/produkt\/s001-spitzentop-mit-cups-in-rosa-schwarz-weiss-beige\/#breadcrumb","itemListElement":[{"@type":"ListItem","position":1,"name":"Startseite","item":"https:\/\/fds.aufwind.co.at\/"},{"@type":"ListItem","position":2,"name":"Shop","item":"https:\/\/fds.aufwind.co.at\/shop\/"},{"@type":"ListItem","position":3,"name":"BRA002 Spitzentop mit Cups in rosa, schwarz, wei\u00df, beige, blau, pink, rot, flieder"}]},{"@type":"WebSite","@id":"https:\/\/fds.aufwind.co.at\/#website","url":"https:\/\/fds.aufwind.co.at\/","name":"lookforward Shop","description":"Der neue Shop f\u00fcr Fashion, Lifestyle, Family, Food and Beauty.","publisher":{"@id":"https:\/\/fds.aufwind.co.at\/#organization"},"potentialAction":[{"@type":"SearchAction","target":{"@type":"EntryPoint","urlTemplate":"https:\/\/fds.aufwind.co.at\/?s={search_term_string}"},"query-input":{"@type":"PropertyValueSpecification","valueRequired":true,"valueName":"search_term_string"}}],"inLanguage":"en-US"},{"@type":"Organization","@id":"https:\/\/fds.aufwind.co.at\/#organization","name":"KB lookforward","url":"https:\/\/fds.aufwind.co.at\/","logo":{"@type":"ImageObject","inLanguage":"en-US","@id":"https:\/\/fds.aufwind.co.at\/#\/schema\/logo\/image\/","url":"https:\/\/fds.aufwind.co.at\/wp-content\/uploads\/2023\/10\/Icon-KB.svg","contentUrl":"https:\/\/fds.aufwind.co.at\/wp-content\/uploads\/2023\/10\/Icon-KB.svg","caption":"KB lookforward"},"image":{"@id":"https:\/\/fds.aufwind.co.at\/#\/schema\/logo\/image\/"}}]}},"_links":{"self":[{"href":"https:\/\/fds.aufwind.co.at\/en\/wp-json\/wp\/v2\/product\/137946","targetHints":{"allow":["GET"]}}],"collection":[{"href":"https:\/\/fds.aufwind.co.at\/en\/wp-json\/wp\/v2\/product"}],"about":[{"href":"https:\/\/fds.aufwind.co.at\/en\/wp-json\/wp\/v2\/types\/product"}],"wp:featuredmedia":[{"embeddable":true,"href":"https:\/\/fds.aufwind.co.at\/en\/wp-json\/wp\/v2\/media\/137978"}],"wp:attachment":[{"href":"https:\/\/fds.aufwind.co.at\/en\/wp-json\/wp\/v2\/media?parent=137946"}],"wp:term":[{"taxonomy":"product_brand","embeddable":true,"href":"https:\/\/fds.aufwind.co.at\/en\/wp-json\/wp\/v2\/product_brand?post=137946"},{"taxonomy":"product_cat","embeddable":true,"href":"https:\/\/fds.aufwind.co.at\/en\/wp-json\/wp\/v2\/product_cat?post=137946"},{"taxonomy":"product_tag","embeddable":true,"href":"https:\/\/fds.aufwind.co.at\/en\/wp-json\/wp\/v2\/product_tag?post=137946"}],"curies":[{"name":"wp","href":"https:\/\/api.w.org\/{rel}","templated":true}]}}